{"id":1116,"date":"2025-09-22T11:25:11","date_gmt":"2025-09-22T11:25:11","guid":{"rendered":"https:\/\/zionbr.com\/wifi\/?page_id=1116"},"modified":"2025-10-14T10:53:07","modified_gmt":"2025-10-14T10:53:07","slug":"pesquisa-de-satisfacao","status":"publish","type":"page","link":"https:\/\/zionbr.com\/wifi\/pesquisa-de-satisfacao\/","title":{"rendered":"Pesquisa de Satisfa\u00e7\u00e3o"},"content":{"rendered":"\n<div style=\"height:47px\" aria-hidden=\"true\" class=\"wp-block-spacer\"><\/div>\n\n\n\n<h2 class=\"wp-block-heading has-text-align-center\">Pesquisa de Satisfa\u00e7\u00e3o<\/h2>\n\n\n\n<div id=\"wp-block-themeisle-blocks-advanced-columns-2032ca99\" class=\"wp-block-themeisle-blocks-advanced-columns has-1-columns has-desktop-equal-layout has-tablet-equal-layout has-mobile-equal-layout has-vertical-unset has-light-bg\"><div class=\"wp-block-themeisle-blocks-advanced-columns-overlay\"><\/div><div class=\"innerblocks-wrap\">\n<div id=\"wp-block-themeisle-blocks-advanced-column-dcbb7708\" class=\"wp-block-themeisle-blocks-advanced-column\">\n<div class=\"forminator-guttenberg\"><div class=\"forminator-ui forminator-custom-form forminator-custom-form-1115 forminator-design--default  forminator_ajax\" data-forminator-render=\"0\" data-form=\"forminator-module-1115\" data-uid=\"69ee6775ca327\"><br\/><\/div><form\n\t\t\t\tid=\"forminator-module-1115\"\n\t\t\t\tclass=\"forminator-ui forminator-custom-form forminator-custom-form-1115 forminator-design--default  forminator_ajax\"\n\t\t\t\tmethod=\"post\"\n\t\t\t\tdata-forminator-render=\"0\"\n\t\t\t\tdata-form-id=\"1115\"\n\t\t\t\t data-color-option=\"theme\" data-design=\"default\" data-grid=\"open\" style=\"display: none;\"\n\t\t\t\tdata-uid=\"69ee6775ca327\"\n\t\t\t><div role=\"alert\" aria-live=\"polite\" class=\"forminator-response-message forminator-error\" aria-hidden=\"true\"><\/div><div class=\"forminator-row\"><div id=\"rating-1\" class=\"forminator-field-rating forminator-col forminator-col-6 \"><div class=\"forminator-field\"><label for=\"forminator-field-rating-1_69ee6775ca327\" id=\"forminator-field-rating-1_69ee6775ca327-label\" class=\"forminator-label\">Como voc\u00ea avalia sua experi\u00eancia geral com a ZION WiFi?<\/label><select name=\"rating-1\" id=\"forminator-field-rating-1_69ee6775ca327\" class=\"forminator-rating\" aria-errormessage=\"forminator-field-rating-1_69ee6775ca327-error\" data-type=\"star\" data-size=\"md\" data-suffix=\"true\" aria-labelledby=\"forminator-field-rating-1_69ee6775ca327-label\" data-default-value=\"0\"><option value=\"0\" selected=\"selected\" disabled>0<\/option><option value=\"1\" >1<\/option><option value=\"2\" >2<\/option><option value=\"3\" >3<\/option><option value=\"4\" >4<\/option><option value=\"5\" >5<\/option><\/select><\/div><\/div><div id=\"radio-1\" class=\"forminator-field-radio forminator-col forminator-col-6 \"><div role=\"radiogroup\" class=\"forminator-field\" aria-labelledby=\"forminator-radiogroup-radio-1-69ee6775ca327-label\"><span id=\"forminator-radiogroup-radio-1-69ee6775ca327-label\" class=\"forminator-label\">Voc\u00ea indicaria a ZION WiFi para outras empresas?<\/span><label id=\"forminator-field-radio-1-label-1\" for=\"forminator-field-radio-1-1-69ee6775ca327\" class=\"forminator-radio\" title=\"Sim\"><input type=\"radio\" name=\"radio-1\" value=\"one\" id=\"forminator-field-radio-1-1-69ee6775ca327\" aria-labelledby=\"forminator-field-radio-1-label-1\" data-calculation=\"0\"   data-hidden-behavior=\"zero\"\/><span class=\"forminator-radio-bullet\" aria-hidden=\"true\"><\/span><span class=\"forminator-radio-label\">Sim<\/span><\/label><label id=\"forminator-field-radio-1-label-2\" for=\"forminator-field-radio-1-2-69ee6775ca327\" class=\"forminator-radio\" title=\"N\u00e3o\"><input type=\"radio\" name=\"radio-1\" value=\"two\" id=\"forminator-field-radio-1-2-69ee6775ca327\" aria-labelledby=\"forminator-field-radio-1-label-2\" data-calculation=\"0\"   data-hidden-behavior=\"zero\"\/><span class=\"forminator-radio-bullet\" aria-hidden=\"true\"><\/span><span class=\"forminator-radio-label\">N\u00e3o<\/span><\/label><label id=\"forminator-field-radio-1-label-3\" for=\"forminator-field-radio-1-3-69ee6775ca327\" class=\"forminator-radio\" title=\"Talvez\"><input type=\"radio\" name=\"radio-1\" value=\"Talvez\" id=\"forminator-field-radio-1-3-69ee6775ca327\" aria-labelledby=\"forminator-field-radio-1-label-3\" data-calculation=\"0\"   data-hidden-behavior=\"zero\"\/><span class=\"forminator-radio-bullet\" aria-hidden=\"true\"><\/span><span class=\"forminator-radio-label\">Talvez<\/span><\/label><\/div><\/div><\/div><div class=\"forminator-row\"><div id=\"textarea-1\" class=\"forminator-field-textarea forminator-col forminator-col-12 \"><div class=\"forminator-field\"><label for=\"forminator-field-textarea-1_69ee6775ca327\" id=\"forminator-field-textarea-1_69ee6775ca327-label\" class=\"forminator-label\">O que mais te agrada nos nossos servi\u00e7os?<\/label><textarea name=\"textarea-1\" placeholder=\"\" id=\"forminator-field-textarea-1_69ee6775ca327\" class=\"forminator-textarea\" rows=\"6\" style=\"min-height:140px;\" ><\/textarea><\/div><\/div><\/div><div class=\"forminator-row\"><div id=\"checkbox-1\" class=\"forminator-field-checkbox forminator-col forminator-col-4 \"><div role=\"group\" class=\"forminator-field\" aria-labelledby=\"forminator-checkbox-group-forminator-field-checkbox-1-69ee6775ca327-label\"><span id=\"forminator-checkbox-group-forminator-field-checkbox-1-69ee6775ca327-label\" class=\"forminator-label\">A velocidade e estabilidade da rede est\u00e3o de acordo com o servi\u00e7o contratado?<\/span><label id=\"forminator-field-checkbox-1-1-69ee6775ca327-label\" for=\"forminator-field-checkbox-1-1-69ee6775ca327\" class=\"forminator-checkbox\" title=\"\u00d3timo\"><input type=\"checkbox\" name=\"checkbox-1[]\" value=\"one\" id=\"forminator-field-checkbox-1-1-69ee6775ca327\" aria-labelledby=\"forminator-field-checkbox-1-1-69ee6775ca327-label\" data-calculation=\"0\"   data-hidden-behavior=\"zero\"\/><span class=\"forminator-checkbox-box\" aria-hidden=\"true\"><\/span><span class=\"forminator-checkbox-label\">\u00d3timo<\/span><\/label><label id=\"forminator-field-checkbox-1-2-69ee6775ca327-label\" for=\"forminator-field-checkbox-1-2-69ee6775ca327\" class=\"forminator-checkbox\" title=\"Bom\"><input type=\"checkbox\" name=\"checkbox-1[]\" value=\"two\" id=\"forminator-field-checkbox-1-2-69ee6775ca327\" aria-labelledby=\"forminator-field-checkbox-1-2-69ee6775ca327-label\" data-calculation=\"0\"   data-hidden-behavior=\"zero\"\/><span class=\"forminator-checkbox-box\" aria-hidden=\"true\"><\/span><span class=\"forminator-checkbox-label\">Bom<\/span><\/label><label id=\"forminator-field-checkbox-1-3-69ee6775ca327-label\" for=\"forminator-field-checkbox-1-3-69ee6775ca327\" class=\"forminator-checkbox\" title=\"Regular\"><input type=\"checkbox\" name=\"checkbox-1[]\" value=\"Regular\" id=\"forminator-field-checkbox-1-3-69ee6775ca327\" aria-labelledby=\"forminator-field-checkbox-1-3-69ee6775ca327-label\" data-calculation=\"0\"   data-hidden-behavior=\"zero\"\/><span class=\"forminator-checkbox-box\" aria-hidden=\"true\"><\/span><span class=\"forminator-checkbox-label\">Regular<\/span><\/label><label id=\"forminator-field-checkbox-1-4-69ee6775ca327-label\" for=\"forminator-field-checkbox-1-4-69ee6775ca327\" class=\"forminator-checkbox\" title=\"P\u00e9ssimo\"><input type=\"checkbox\" name=\"checkbox-1[]\" value=\"P\u00e9ssimo\" id=\"forminator-field-checkbox-1-4-69ee6775ca327\" aria-labelledby=\"forminator-field-checkbox-1-4-69ee6775ca327-label\" data-calculation=\"0\"   data-hidden-behavior=\"zero\"\/><span class=\"forminator-checkbox-box\" aria-hidden=\"true\"><\/span><span class=\"forminator-checkbox-label\">P\u00e9ssimo<\/span><\/label><\/div><\/div><div id=\"radio-2\" class=\"forminator-field-radio forminator-col forminator-col-4 \"><div role=\"radiogroup\" class=\"forminator-field\" aria-labelledby=\"forminator-radiogroup-radio-2-69ee6775ca327-label\"><span id=\"forminator-radiogroup-radio-2-69ee6775ca327-label\" class=\"forminator-label\">Como foi o atendimento da equipe t\u00e9cnica da ZION WiFi?<\/span><label id=\"forminator-field-radio-2-label-1\" for=\"forminator-field-radio-2-1-69ee6775ca327\" class=\"forminator-radio\" title=\"\u00d3timo\"><input type=\"radio\" name=\"radio-2\" value=\"one\" id=\"forminator-field-radio-2-1-69ee6775ca327\" aria-labelledby=\"forminator-field-radio-2-label-1\" data-calculation=\"0\"   data-hidden-behavior=\"zero\"\/><span class=\"forminator-radio-bullet\" aria-hidden=\"true\"><\/span><span class=\"forminator-radio-label\">\u00d3timo<\/span><\/label><label id=\"forminator-field-radio-2-label-2\" for=\"forminator-field-radio-2-2-69ee6775ca327\" class=\"forminator-radio\" title=\"Bom\"><input type=\"radio\" name=\"radio-2\" value=\"two\" id=\"forminator-field-radio-2-2-69ee6775ca327\" aria-labelledby=\"forminator-field-radio-2-label-2\" data-calculation=\"0\"   data-hidden-behavior=\"zero\"\/><span class=\"forminator-radio-bullet\" aria-hidden=\"true\"><\/span><span class=\"forminator-radio-label\">Bom<\/span><\/label><label id=\"forminator-field-radio-2-label-3\" for=\"forminator-field-radio-2-3-69ee6775ca327\" class=\"forminator-radio\" title=\"Regular\"><input type=\"radio\" name=\"radio-2\" value=\"Regular\" id=\"forminator-field-radio-2-3-69ee6775ca327\" aria-labelledby=\"forminator-field-radio-2-label-3\" data-calculation=\"0\"   data-hidden-behavior=\"zero\"\/><span class=\"forminator-radio-bullet\" aria-hidden=\"true\"><\/span><span class=\"forminator-radio-label\">Regular<\/span><\/label><label id=\"forminator-field-radio-2-label-4\" for=\"forminator-field-radio-2-4-69ee6775ca327\" class=\"forminator-radio\" title=\"P\u00e9ssimo\"><input type=\"radio\" name=\"radio-2\" value=\"P\u00e9ssimo\" id=\"forminator-field-radio-2-4-69ee6775ca327\" aria-labelledby=\"forminator-field-radio-2-label-4\" data-calculation=\"0\"   data-hidden-behavior=\"zero\"\/><span class=\"forminator-radio-bullet\" aria-hidden=\"true\"><\/span><span class=\"forminator-radio-label\">P\u00e9ssimo<\/span><\/label><\/div><\/div><div id=\"radio-3\" class=\"forminator-field-radio forminator-col forminator-col-4 \"><div role=\"radiogroup\" class=\"forminator-field\" aria-labelledby=\"forminator-radiogroup-radio-3-69ee6775ca327-label\"><span id=\"forminator-radiogroup-radio-3-69ee6775ca327-label\" class=\"forminator-label\">Quando voc\u00ea precisa de suporte, seu problema \u00e9 resolvido rapidamente?<\/span><label id=\"forminator-field-radio-3-label-1\" for=\"forminator-field-radio-3-1-69ee6775ca327\" class=\"forminator-radio\" title=\"Sempre\"><input type=\"radio\" name=\"radio-3\" value=\"one\" id=\"forminator-field-radio-3-1-69ee6775ca327\" aria-labelledby=\"forminator-field-radio-3-label-1\" data-calculation=\"0\"   data-hidden-behavior=\"zero\"\/><span class=\"forminator-radio-bullet\" aria-hidden=\"true\"><\/span><span class=\"forminator-radio-label\">Sempre<\/span><\/label><label id=\"forminator-field-radio-3-label-2\" for=\"forminator-field-radio-3-2-69ee6775ca327\" class=\"forminator-radio\" title=\"\u00c0s vezes\"><input type=\"radio\" name=\"radio-3\" value=\"two\" id=\"forminator-field-radio-3-2-69ee6775ca327\" aria-labelledby=\"forminator-field-radio-3-label-2\" data-calculation=\"0\"   data-hidden-behavior=\"zero\"\/><span class=\"forminator-radio-bullet\" aria-hidden=\"true\"><\/span><span class=\"forminator-radio-label\">\u00c0s vezes<\/span><\/label><label id=\"forminator-field-radio-3-label-3\" for=\"forminator-field-radio-3-3-69ee6775ca327\" class=\"forminator-radio\" title=\"Raramente\"><input type=\"radio\" name=\"radio-3\" value=\"Raramente\" id=\"forminator-field-radio-3-3-69ee6775ca327\" aria-labelledby=\"forminator-field-radio-3-label-3\" data-calculation=\"0\"   data-hidden-behavior=\"zero\"\/><span class=\"forminator-radio-bullet\" aria-hidden=\"true\"><\/span><span class=\"forminator-radio-label\">Raramente<\/span><\/label><label id=\"forminator-field-radio-3-label-4\" for=\"forminator-field-radio-3-4-69ee6775ca327\" class=\"forminator-radio\" title=\"Nunca\"><input type=\"radio\" name=\"radio-3\" value=\"Nunca\" id=\"forminator-field-radio-3-4-69ee6775ca327\" aria-labelledby=\"forminator-field-radio-3-label-4\" data-calculation=\"0\"   data-hidden-behavior=\"zero\"\/><span class=\"forminator-radio-bullet\" aria-hidden=\"true\"><\/span><span class=\"forminator-radio-label\">Nunca<\/span><\/label><\/div><\/div><\/div><div class=\"forminator-row\"><div id=\"textarea-2\" class=\"forminator-field-textarea forminator-col forminator-col-12 \"><div class=\"forminator-field\"><label for=\"forminator-field-textarea-2_69ee6775ca327\" id=\"forminator-field-textarea-2_69ee6775ca327-label\" class=\"forminator-label\">H\u00e1 algum servi\u00e7o ou funcionalidade que voc\u00ea gostaria que a ZION oferecesse?<\/label><textarea name=\"textarea-2\" placeholder=\"\" id=\"forminator-field-textarea-2_69ee6775ca327\" class=\"forminator-textarea\" rows=\"6\" style=\"min-height:140px;\" ><\/textarea><\/div><\/div><\/div><div class=\"forminator-row\"><div id=\"textarea-3\" class=\"forminator-field-textarea forminator-col forminator-col-12 \"><div class=\"forminator-field\"><label for=\"forminator-field-textarea-3_69ee6775ca327\" id=\"forminator-field-textarea-3_69ee6775ca327-label\" class=\"forminator-label\">Deseja deixar algum coment\u00e1rio ou elogio?<\/label><textarea name=\"textarea-3\" placeholder=\"\" id=\"forminator-field-textarea-3_69ee6775ca327\" class=\"forminator-textarea\" rows=\"6\" style=\"min-height:140px;\" ><\/textarea><\/div><\/div><\/div><div class=\"forminator-row\"><div id=\"name-1\" class=\"forminator-field-name forminator-col forminator-col-3 \"><div class=\"forminator-field\"><label for=\"forminator-field-name-1_69ee6775ca327\" id=\"forminator-field-name-1_69ee6775ca327-label\" class=\"forminator-label\">Deixe seu nome<\/label><input type=\"text\" name=\"name-1\" value=\"\" placeholder=\"\" id=\"forminator-field-name-1_69ee6775ca327\" class=\"forminator-input forminator-name--field\" aria-required=\"false\" autocomplete=\"name\" \/><\/div><\/div><div id=\"name-2\" class=\"forminator-field-name forminator-col forminator-col-3 \"><div class=\"forminator-field\"><label for=\"forminator-field-name-2_69ee6775ca327\" id=\"forminator-field-name-2_69ee6775ca327-label\" class=\"forminator-label\">Qual a sua empresa<\/label><input type=\"text\" name=\"name-2\" value=\"\" placeholder=\"\" id=\"forminator-field-name-2_69ee6775ca327\" class=\"forminator-input forminator-name--field\" aria-required=\"false\" autocomplete=\"name\" \/><\/div><\/div><div id=\"email-1\" class=\"forminator-field-email forminator-col forminator-col-3 \"><div class=\"forminator-field\"><label for=\"forminator-field-email-1_69ee6775ca327\" id=\"forminator-field-email-1_69ee6775ca327-label\" class=\"forminator-label\">E-mail<\/label><input type=\"email\" name=\"email-1\" value=\"\" placeholder=\"\" id=\"forminator-field-email-1_69ee6775ca327\" class=\"forminator-input forminator-email--field\" data-required=\"\" aria-required=\"false\" autocomplete=\"email\" \/><\/div><\/div><div id=\"phone-1\" class=\"forminator-field-phone forminator-col forminator-col-3 \"><div class=\"forminator-field\"><label for=\"forminator-field-phone-1_69ee6775ca327\" id=\"forminator-field-phone-1_69ee6775ca327-label\" class=\"forminator-label\">Telefone\/WhatsApp<\/label><input type=\"text\" name=\"phone-1\" value=\"\" placeholder=\"\" id=\"forminator-field-phone-1_69ee6775ca327\" class=\"forminator-input forminator-field--phone\" data-required=\"\" aria-required=\"false\" autocomplete=\"off\" \/><\/div><\/div><\/div><div class=\"forminator-row\"><div id=\"consent-1\" class=\"forminator-field-consent forminator-col forminator-col-12 \"><div class=\"forminator-field\"><label for=\"forminator-field-consent-1_69ee6775ca327\" id=\"forminator-field-consent-1_69ee6775ca327-label\" class=\"forminator-label\">Consentimento <span class=\"forminator-required\">*<\/span><\/label><div class=\"forminator-checkbox__wrapper\"><label id=\"forminator-field-consent-1_69ee6775ca327__label\" class=\"forminator-checkbox forminator-consent\"><input type=\"checkbox\" name=\"consent-1\" id=\"forminator-field-consent-1_69ee6775ca327\" value=\"checked\" aria-labelledby=\"forminator-field-consent-1_69ee6775ca327-label\" aria-describedby=\"forminator-field-consent-1_69ee6775ca327__description\" data-required=\"true\" aria-required=\"true\" \/><span class=\"forminator-checkbox-box\" aria-hidden=\"true\"><\/span><\/label><div id=\"forminator-field-consent-1_69ee6775ca327__description\" class=\"forminator-checkbox__label forminator-consent__label\"><p>Sim, eu aceito de acordo com as <a href=\"https:\/\/zionbr.com\/wifi\/politica-de-privacidade\/\">Pol\u00edticas de Privacidade<\/a><\/p><\/div><\/div><\/div><\/div><\/div><div class=\"forminator-row\"><div id=\"captcha-1\" class=\"forminator-field-captcha forminator-col forminator-col-12 \"><div class=\"forminator-captcha-left forminator-g-recaptcha\" data-theme=\"light\"  data-sitekey=\"6LccRiIoAAAAAM7NV4jk5UAEl6QZv5FDV2qVhxQC\" data-size=\"normal\"><\/div> <\/div><\/div><input type=\"hidden\" name=\"referer_url\" value=\"\" \/><div class=\"forminator-row forminator-row-last\"><div class=\"forminator-col\"><div class=\"forminator-field\"><button class=\"forminator-button forminator-button-submit\">Enviar<\/button><\/div><\/div><\/div><input type=\"hidden\" id=\"forminator_nonce\" name=\"forminator_nonce\" value=\"1dc8095875\" \/><input type=\"hidden\" name=\"_wp_http_referer\" value=\"\/wifi\/wp-json\/wp\/v2\/pages\/1116\" \/><input type=\"hidden\" name=\"form_id\" value=\"1115\"><input type=\"hidden\" name=\"page_id\" value=\"1116\"><input type=\"hidden\" name=\"form_type\" value=\"default\"><input type=\"hidden\" name=\"current_url\" value=\"https:\/\/zionbr.com\/wifi\/pesquisa-de-satisfacao\/\"><input type=\"hidden\" name=\"render_id\" value=\"0\"><input type=\"hidden\" name=\"action\" value=\"forminator_submit_form_custom-forms\"><\/form><\/div>\n<\/div>\n<\/div><\/div>\n","protected":false},"excerpt":{"rendered":"<p>Pesquisa de Satisfa\u00e7\u00e3o<\/p>\n","protected":false},"author":1,"featured_media":0,"parent":0,"menu_order":0,"comment_status":"closed","ping_status":"closed","template":"essential-blocks-fullwidth-template.php","meta":{"_eb_attr":"","neve_meta_sidebar":"","neve_meta_container":"","neve_meta_enable_content_width":"","neve_meta_content_width":0,"neve_meta_title_alignment":"","neve_meta_author_avatar":"","neve_post_elements_order":"","neve_meta_disable_header":"","neve_meta_disable_footer":"","neve_meta_disable_title":"","_themeisle_gutenberg_block_has_review":false,"footnotes":""},"class_list":["post-1116","page","type-page","status-publish","hentry"],"yoast_head":"<!-- This site is optimized with the Yoast SEO plugin v27.2 - https:\/\/yoast.com\/product\/yoast-seo-wordpress\/ -->\n<title>Pesquisa de Satisfa\u00e7\u00e3o - Zion Wifi<\/title>\n<meta name=\"robots\" content=\"index, follow, max-snippet:-1, max-image-preview:large, max-video-preview:-1\" \/>\n<link rel=\"canonical\" href=\"https:\/\/zionbr.com\/wifi\/pesquisa-de-satisfacao\/\" \/>\n<meta property=\"og:locale\" content=\"pt_BR\" \/>\n<meta property=\"og:type\" content=\"article\" \/>\n<meta property=\"og:title\" content=\"Pesquisa de Satisfa\u00e7\u00e3o - Zion Wifi\" \/>\n<meta property=\"og:description\" content=\"Pesquisa de Satisfa\u00e7\u00e3o\" \/>\n<meta property=\"og:url\" content=\"https:\/\/zionbr.com\/wifi\/pesquisa-de-satisfacao\/\" \/>\n<meta property=\"og:site_name\" content=\"Zion Wifi\" \/>\n<meta property=\"article:publisher\" content=\"https:\/\/www.facebook.com\/zionwifibr\" \/>\n<meta property=\"article:modified_time\" content=\"2025-10-14T10:53:07+00:00\" \/>\n<meta name=\"twitter:card\" content=\"summary_large_image\" \/>\n<meta name=\"twitter:label1\" content=\"Est. tempo de leitura\" \/>\n\t<meta name=\"twitter:data1\" content=\"1 minuto\" \/>\n<script type=\"application\/ld+json\" class=\"yoast-schema-graph\">{\"@context\":\"https:\/\/schema.org\",\"@graph\":[{\"@type\":\"WebPage\",\"@id\":\"https:\/\/zionbr.com\/wifi\/pesquisa-de-satisfacao\/\",\"url\":\"https:\/\/zionbr.com\/wifi\/pesquisa-de-satisfacao\/\",\"name\":\"Pesquisa de Satisfa\u00e7\u00e3o - Zion Wifi\",\"isPartOf\":{\"@id\":\"https:\/\/zionbr.com\/wifi\/#website\"},\"datePublished\":\"2025-09-22T11:25:11+00:00\",\"dateModified\":\"2025-10-14T10:53:07+00:00\",\"breadcrumb\":{\"@id\":\"https:\/\/zionbr.com\/wifi\/pesquisa-de-satisfacao\/#breadcrumb\"},\"inLanguage\":\"pt-BR\",\"potentialAction\":[{\"@type\":\"ReadAction\",\"target\":[\"https:\/\/zionbr.com\/wifi\/pesquisa-de-satisfacao\/\"]}]},{\"@type\":\"BreadcrumbList\",\"@id\":\"https:\/\/zionbr.com\/wifi\/pesquisa-de-satisfacao\/#breadcrumb\",\"itemListElement\":[{\"@type\":\"ListItem\",\"position\":1,\"name\":\"In\u00edcio\",\"item\":\"https:\/\/zionbr.com\/wifi\/\"},{\"@type\":\"ListItem\",\"position\":2,\"name\":\"Pesquisa de Satisfa\u00e7\u00e3o\"}]},{\"@type\":\"WebSite\",\"@id\":\"https:\/\/zionbr.com\/wifi\/#website\",\"url\":\"https:\/\/zionbr.com\/wifi\/\",\"name\":\"Zion Wifi\",\"description\":\"Sua internet muito al\u00e9m do que voc\u00ea espera!\",\"publisher\":{\"@id\":\"https:\/\/zionbr.com\/wifi\/#organization\"},\"potentialAction\":[{\"@type\":\"SearchAction\",\"target\":{\"@type\":\"EntryPoint\",\"urlTemplate\":\"https:\/\/zionbr.com\/wifi\/?s={search_term_string}\"},\"query-input\":{\"@type\":\"PropertyValueSpecification\",\"valueRequired\":true,\"valueName\":\"search_term_string\"}}],\"inLanguage\":\"pt-BR\"},{\"@type\":\"Organization\",\"@id\":\"https:\/\/zionbr.com\/wifi\/#organization\",\"name\":\"Zion Wifi\",\"url\":\"https:\/\/zionbr.com\/wifi\/\",\"logo\":{\"@type\":\"ImageObject\",\"inLanguage\":\"pt-BR\",\"@id\":\"https:\/\/zionbr.com\/wifi\/#\/schema\/logo\/image\/\",\"url\":\"https:\/\/zionbr.com\/wifi\/wp-content\/uploads\/2023\/04\/cropped-logo-zion-site.png\",\"contentUrl\":\"https:\/\/zionbr.com\/wifi\/wp-content\/uploads\/2023\/04\/cropped-logo-zion-site.png\",\"width\":200,\"height\":99,\"caption\":\"Zion Wifi\"},\"image\":{\"@id\":\"https:\/\/zionbr.com\/wifi\/#\/schema\/logo\/image\/\"},\"sameAs\":[\"https:\/\/www.facebook.com\/zionwifibr\",\"https:\/\/www.instagram.com\/zionwifibr\/\"]}]}<\/script>\n<!-- \/ Yoast SEO plugin. -->","yoast_head_json":{"title":"Pesquisa de Satisfa\u00e7\u00e3o - Zion Wifi","robots":{"index":"index","follow":"follow","max-snippet":"max-snippet:-1","max-image-preview":"max-image-preview:large","max-video-preview":"max-video-preview:-1"},"canonical":"https:\/\/zionbr.com\/wifi\/pesquisa-de-satisfacao\/","og_locale":"pt_BR","og_type":"article","og_title":"Pesquisa de Satisfa\u00e7\u00e3o - Zion Wifi","og_description":"Pesquisa de Satisfa\u00e7\u00e3o","og_url":"https:\/\/zionbr.com\/wifi\/pesquisa-de-satisfacao\/","og_site_name":"Zion Wifi","article_publisher":"https:\/\/www.facebook.com\/zionwifibr","article_modified_time":"2025-10-14T10:53:07+00:00","twitter_card":"summary_large_image","twitter_misc":{"Est. tempo de leitura":"1 minuto"},"schema":{"@context":"https:\/\/schema.org","@graph":[{"@type":"WebPage","@id":"https:\/\/zionbr.com\/wifi\/pesquisa-de-satisfacao\/","url":"https:\/\/zionbr.com\/wifi\/pesquisa-de-satisfacao\/","name":"Pesquisa de Satisfa\u00e7\u00e3o - Zion Wifi","isPartOf":{"@id":"https:\/\/zionbr.com\/wifi\/#website"},"datePublished":"2025-09-22T11:25:11+00:00","dateModified":"2025-10-14T10:53:07+00:00","breadcrumb":{"@id":"https:\/\/zionbr.com\/wifi\/pesquisa-de-satisfacao\/#breadcrumb"},"inLanguage":"pt-BR","potentialAction":[{"@type":"ReadAction","target":["https:\/\/zionbr.com\/wifi\/pesquisa-de-satisfacao\/"]}]},{"@type":"BreadcrumbList","@id":"https:\/\/zionbr.com\/wifi\/pesquisa-de-satisfacao\/#breadcrumb","itemListElement":[{"@type":"ListItem","position":1,"name":"In\u00edcio","item":"https:\/\/zionbr.com\/wifi\/"},{"@type":"ListItem","position":2,"name":"Pesquisa de Satisfa\u00e7\u00e3o"}]},{"@type":"WebSite","@id":"https:\/\/zionbr.com\/wifi\/#website","url":"https:\/\/zionbr.com\/wifi\/","name":"Zion Wifi","description":"Sua internet muito al\u00e9m do que voc\u00ea espera!","publisher":{"@id":"https:\/\/zionbr.com\/wifi\/#organization"},"potentialAction":[{"@type":"SearchAction","target":{"@type":"EntryPoint","urlTemplate":"https:\/\/zionbr.com\/wifi\/?s={search_term_string}"},"query-input":{"@type":"PropertyValueSpecification","valueRequired":true,"valueName":"search_term_string"}}],"inLanguage":"pt-BR"},{"@type":"Organization","@id":"https:\/\/zionbr.com\/wifi\/#organization","name":"Zion Wifi","url":"https:\/\/zionbr.com\/wifi\/","logo":{"@type":"ImageObject","inLanguage":"pt-BR","@id":"https:\/\/zionbr.com\/wifi\/#\/schema\/logo\/image\/","url":"https:\/\/zionbr.com\/wifi\/wp-content\/uploads\/2023\/04\/cropped-logo-zion-site.png","contentUrl":"https:\/\/zionbr.com\/wifi\/wp-content\/uploads\/2023\/04\/cropped-logo-zion-site.png","width":200,"height":99,"caption":"Zion Wifi"},"image":{"@id":"https:\/\/zionbr.com\/wifi\/#\/schema\/logo\/image\/"},"sameAs":["https:\/\/www.facebook.com\/zionwifibr","https:\/\/www.instagram.com\/zionwifibr\/"]}]}},"_links":{"self":[{"href":"https:\/\/zionbr.com\/wifi\/wp-json\/wp\/v2\/pages\/1116","targetHints":{"allow":["GET"]}}],"collection":[{"href":"https:\/\/zionbr.com\/wifi\/wp-json\/wp\/v2\/pages"}],"about":[{"href":"https:\/\/zionbr.com\/wifi\/wp-json\/wp\/v2\/types\/page"}],"author":[{"embeddable":true,"href":"https:\/\/zionbr.com\/wifi\/wp-json\/wp\/v2\/users\/1"}],"replies":[{"embeddable":true,"href":"https:\/\/zionbr.com\/wifi\/wp-json\/wp\/v2\/comments?post=1116"}],"version-history":[{"count":12,"href":"https:\/\/zionbr.com\/wifi\/wp-json\/wp\/v2\/pages\/1116\/revisions"}],"predecessor-version":[{"id":1131,"href":"https:\/\/zionbr.com\/wifi\/wp-json\/wp\/v2\/pages\/1116\/revisions\/1131"}],"wp:attachment":[{"href":"https:\/\/zionbr.com\/wifi\/wp-json\/wp\/v2\/media?parent=1116"}],"curies":[{"name":"wp","href":"https:\/\/api.w.org\/{rel}","templated":true}]}}