{"id":393,"date":"2021-10-14T13:41:21","date_gmt":"2021-10-14T13:41:21","guid":{"rendered":"https:\/\/demosites.io\/neve-3\/?page_id=393"},"modified":"2023-11-27T17:27:11","modified_gmt":"2023-11-27T17:27:11","slug":"sobre-nos","status":"publish","type":"page","link":"https:\/\/zionbr.com\/wifi\/sobre-nos\/","title":{"rendered":"A Empresa"},"content":{"rendered":"\n<div class=\"wp-block-cover alignfull\"><span aria-hidden=\"true\" class=\"wp-block-cover__background has-nv-dark-bg-background-color has-background-dim-100 has-background-dim\"><\/span><div class=\"wp-block-cover__inner-container is-layout-flow wp-block-cover-is-layout-flow\">\n<div class=\"wp-block-columns are-vertically-aligned-center is-layout-flex wp-container-core-columns-is-layout-9d6595d7 wp-block-columns-is-layout-flex\">\n<div class=\"wp-block-column is-vertically-aligned-center is-layout-flow wp-block-column-is-layout-flow\">\n<h2 class=\"wp-block-heading has-nv-text-dark-bg-color has-text-color\">Quem Somos<\/h2>\n\n\n\n<p class=\"has-nv-text-dark-bg-color has-text-color\">Somos a Zion WI-FI uma empresa que atua fornecendo servi\u00e7os em tecnologia da informa\u00e7\u00e3o com profissionais altamente qualificados e com vasta experi\u00eancia no mercado, fornecemos solu\u00e7\u00f5es em redes WI-FI corporativas e WI-FI para clientes essenciais para evolu\u00e7\u00e3o do seu neg\u00f3cio.<\/p>\n\n\n\n<div class=\"wp-block-buttons is-layout-flex wp-block-buttons-is-layout-flex\"><\/div>\n\n\n\n<div style=\"height:40px\" aria-hidden=\"true\" class=\"wp-block-spacer\"><\/div>\n<\/div>\n\n\n\n<div class=\"wp-block-column is-vertically-aligned-center is-layout-flow wp-block-column-is-layout-flow\">\n<figure class=\"wp-block-image size-medium\"><img loading=\"lazy\" decoding=\"async\" width=\"500\" height=\"500\" src=\"https:\/\/zionbr.com\/wifi\/wp-content\/uploads\/2023\/05\/posts-8-500x500.png\" alt=\"\" class=\"wp-image-773\" srcset=\"https:\/\/zionbr.com\/wifi\/wp-content\/uploads\/2023\/05\/posts-8-500x500.png 500w, https:\/\/zionbr.com\/wifi\/wp-content\/uploads\/2023\/05\/posts-8-1024x1024.png 1024w, https:\/\/zionbr.com\/wifi\/wp-content\/uploads\/2023\/05\/posts-8-200x200.png 200w, https:\/\/zionbr.com\/wifi\/wp-content\/uploads\/2023\/05\/posts-8-768x768.png 768w, https:\/\/zionbr.com\/wifi\/wp-content\/uploads\/2023\/05\/posts-8-600x600.png 600w, https:\/\/zionbr.com\/wifi\/wp-content\/uploads\/2023\/05\/posts-8.png 1080w\" sizes=\"auto, (max-width: 500px) 100vw, 500px\" \/><\/figure>\n<\/div>\n<\/div>\n\n\n\n<div class=\"wp-block-columns are-vertically-aligned-center is-layout-flex wp-container-core-columns-is-layout-9d6595d7 wp-block-columns-is-layout-flex\">\n<div class=\"wp-block-column is-vertically-aligned-center is-layout-flow wp-block-column-is-layout-flow\">\n<figure class=\"wp-block-image size-full\"><img loading=\"lazy\" decoding=\"async\" width=\"500\" height=\"500\" src=\"https:\/\/zionbr.com\/wifi\/wp-content\/uploads\/2023\/04\/nissao-viso-valores.png\" alt=\"\" class=\"wp-image-605\" srcset=\"https:\/\/zionbr.com\/wifi\/wp-content\/uploads\/2023\/04\/nissao-viso-valores.png 500w, https:\/\/zionbr.com\/wifi\/wp-content\/uploads\/2023\/04\/nissao-viso-valores-200x200.png 200w\" sizes=\"auto, (max-width: 500px) 100vw, 500px\" \/><\/figure>\n<\/div>\n\n\n\n<div class=\"wp-block-column is-vertically-aligned-center is-layout-flow wp-block-column-is-layout-flow\">\n<h2 class=\"wp-block-heading has-nv-text-dark-bg-color has-text-color\">Miss\u00e3o, Vis\u00e3o e Valores<\/h2>\n\n\n\n<p class=\"has-nv-text-dark-bg-color has-text-color\">Temos como <strong>MISS\u00c3O<\/strong>, prover solu\u00e7\u00e3o para redes com seguran\u00e7a, qualidade e efici\u00eancia.<\/p>\n\n\n\n<p>Nossa <strong>VIS\u00c3O<\/strong>, \u00e9 tornar-se uma empresa reconhecida pela dedica\u00e7\u00e3o e qualidade com refer\u00eancia em conectividade seguras para seus clientes e gest\u00e3o.<\/p>\n\n\n\n<p>Nossos principais <strong>VALORES <\/strong>s\u00e3o: \u00c9tica, Sinergia, Transpar\u00eancia, Honestidade e responsabilidade.<\/p>\n<\/div>\n<\/div>\n\n\n\n<div style=\"height:40px\" aria-hidden=\"true\" class=\"wp-block-spacer\"><\/div>\n<\/div><\/div>\n\n\n\n<div class=\"wp-block-cover alignfull\" style=\"min-height:400px;aspect-ratio:unset;\"><span aria-hidden=\"true\" class=\"wp-block-cover__background has-nv-light-bg-background-color has-background-dim-100 has-background-dim\"><\/span><div class=\"wp-block-cover__inner-container is-layout-flow wp-block-cover-is-layout-flow\">\n<div style=\"height:40px\" aria-hidden=\"true\" class=\"wp-block-spacer\"><\/div>\n\n\n\n<h2 class=\"wp-block-heading has-text-align-center has-neve-text-color-color has-text-color\">Vamos juntos evoluir!<\/h2>\n\n\n\n<p class=\"has-text-align-center has-neve-text-color-color has-text-color\">Conecte-se ao futuro dos seus neg\u00f3cios.<br>Sua internet muito al\u00e9m do que voc\u00ea espera!<\/p>\n\n\n\n<div class=\"wp-block-buttons is-horizontal is-content-justification-center is-layout-flex wp-container-core-buttons-is-layout-499968f5 wp-block-buttons-is-layout-flex\">\n<div class=\"wp-block-button is-style-secondary\"><a class=\"wp-block-button__link wp-element-button\" href=\"https:\/\/wa.me\/5511992797451\" target=\"_blank\" rel=\"noreferrer noopener\">Quero ver uma demonstra\u00e7\u00e3o<\/a><\/div>\n<\/div>\n\n\n\n<div style=\"height:40px\" aria-hidden=\"true\" class=\"wp-block-spacer\"><\/div>\n<\/div><\/div>\n","protected":false},"excerpt":{"rendered":"","protected":false},"author":1,"featured_media":0,"parent":0,"menu_order":0,"comment_status":"closed","ping_status":"closed","template":"","meta":{"_eb_attr":"","neve_meta_sidebar":"","neve_meta_container":"contained","neve_meta_enable_content_width":"on","neve_meta_content_width":100,"neve_meta_title_alignment":"","neve_meta_author_avatar":"","neve_post_elements_order":"","neve_meta_disable_header":"","neve_meta_disable_footer":"","neve_meta_disable_title":"on","_themeisle_gutenberg_block_has_review":false,"footnotes":""},"class_list":["post-393","page","type-page","status-publish","hentry"],"yoast_head":"<!-- This site is optimized with the Yoast SEO plugin v27.2 - https:\/\/yoast.com\/product\/yoast-seo-wordpress\/ -->\n<title>A Empresa - Zion Wifi<\/title>\n<meta name=\"robots\" content=\"index, follow, max-snippet:-1, max-image-preview:large, max-video-preview:-1\" \/>\n<link rel=\"canonical\" href=\"https:\/\/zionbr.com\/wifi\/sobre-nos\/\" \/>\n<meta property=\"og:locale\" content=\"pt_BR\" \/>\n<meta property=\"og:type\" content=\"article\" \/>\n<meta property=\"og:title\" content=\"A Empresa - Zion Wifi\" \/>\n<meta property=\"og:url\" content=\"https:\/\/zionbr.com\/wifi\/sobre-nos\/\" \/>\n<meta property=\"og:site_name\" content=\"Zion Wifi\" \/>\n<meta property=\"article:publisher\" content=\"https:\/\/www.facebook.com\/zionwifibr\" \/>\n<meta property=\"article:modified_time\" content=\"2023-11-27T17:27:11+00:00\" \/>\n<meta property=\"og:image\" content=\"https:\/\/zionbr.com\/wifi\/wp-content\/uploads\/2023\/05\/posts-8-500x500.png\" \/>\n<meta name=\"twitter:card\" content=\"summary_large_image\" \/>\n<meta name=\"twitter:label1\" content=\"Est. tempo de leitura\" \/>\n\t<meta name=\"twitter:data1\" content=\"1 minuto\" \/>\n<script type=\"application\/ld+json\" class=\"yoast-schema-graph\">{\"@context\":\"https:\/\/schema.org\",\"@graph\":[{\"@type\":\"WebPage\",\"@id\":\"https:\/\/zionbr.com\/wifi\/sobre-nos\/\",\"url\":\"https:\/\/zionbr.com\/wifi\/sobre-nos\/\",\"name\":\"A Empresa - Zion Wifi\",\"isPartOf\":{\"@id\":\"https:\/\/zionbr.com\/wifi\/#website\"},\"primaryImageOfPage\":{\"@id\":\"https:\/\/zionbr.com\/wifi\/sobre-nos\/#primaryimage\"},\"image\":{\"@id\":\"https:\/\/zionbr.com\/wifi\/sobre-nos\/#primaryimage\"},\"thumbnailUrl\":\"https:\/\/zionbr.com\/wifi\/wp-content\/uploads\/2023\/05\/posts-8-500x500.png\",\"datePublished\":\"2021-10-14T13:41:21+00:00\",\"dateModified\":\"2023-11-27T17:27:11+00:00\",\"breadcrumb\":{\"@id\":\"https:\/\/zionbr.com\/wifi\/sobre-nos\/#breadcrumb\"},\"inLanguage\":\"pt-BR\",\"potentialAction\":[{\"@type\":\"ReadAction\",\"target\":[\"https:\/\/zionbr.com\/wifi\/sobre-nos\/\"]}]},{\"@type\":\"ImageObject\",\"inLanguage\":\"pt-BR\",\"@id\":\"https:\/\/zionbr.com\/wifi\/sobre-nos\/#primaryimage\",\"url\":\"https:\/\/zionbr.com\/wifi\/wp-content\/uploads\/2023\/05\/posts-8.png\",\"contentUrl\":\"https:\/\/zionbr.com\/wifi\/wp-content\/uploads\/2023\/05\/posts-8.png\",\"width\":1080,\"height\":1080},{\"@type\":\"BreadcrumbList\",\"@id\":\"https:\/\/zionbr.com\/wifi\/sobre-nos\/#breadcrumb\",\"itemListElement\":[{\"@type\":\"ListItem\",\"position\":1,\"name\":\"In\u00edcio\",\"item\":\"https:\/\/zionbr.com\/wifi\/\"},{\"@type\":\"ListItem\",\"position\":2,\"name\":\"A Empresa\"}]},{\"@type\":\"WebSite\",\"@id\":\"https:\/\/zionbr.com\/wifi\/#website\",\"url\":\"https:\/\/zionbr.com\/wifi\/\",\"name\":\"Zion Wifi\",\"description\":\"Sua internet muito al\u00e9m do que voc\u00ea espera!\",\"publisher\":{\"@id\":\"https:\/\/zionbr.com\/wifi\/#organization\"},\"potentialAction\":[{\"@type\":\"SearchAction\",\"target\":{\"@type\":\"EntryPoint\",\"urlTemplate\":\"https:\/\/zionbr.com\/wifi\/?s={search_term_string}\"},\"query-input\":{\"@type\":\"PropertyValueSpecification\",\"valueRequired\":true,\"valueName\":\"search_term_string\"}}],\"inLanguage\":\"pt-BR\"},{\"@type\":\"Organization\",\"@id\":\"https:\/\/zionbr.com\/wifi\/#organization\",\"name\":\"Zion Wifi\",\"url\":\"https:\/\/zionbr.com\/wifi\/\",\"logo\":{\"@type\":\"ImageObject\",\"inLanguage\":\"pt-BR\",\"@id\":\"https:\/\/zionbr.com\/wifi\/#\/schema\/logo\/image\/\",\"url\":\"https:\/\/zionbr.com\/wifi\/wp-content\/uploads\/2023\/04\/cropped-logo-zion-site.png\",\"contentUrl\":\"https:\/\/zionbr.com\/wifi\/wp-content\/uploads\/2023\/04\/cropped-logo-zion-site.png\",\"width\":200,\"height\":99,\"caption\":\"Zion Wifi\"},\"image\":{\"@id\":\"https:\/\/zionbr.com\/wifi\/#\/schema\/logo\/image\/\"},\"sameAs\":[\"https:\/\/www.facebook.com\/zionwifibr\",\"https:\/\/www.instagram.com\/zionwifibr\/\"]}]}<\/script>\n<!-- \/ Yoast SEO plugin. -->","yoast_head_json":{"title":"A Empresa - Zion Wifi","robots":{"index":"index","follow":"follow","max-snippet":"max-snippet:-1","max-image-preview":"max-image-preview:large","max-video-preview":"max-video-preview:-1"},"canonical":"https:\/\/zionbr.com\/wifi\/sobre-nos\/","og_locale":"pt_BR","og_type":"article","og_title":"A Empresa - Zion Wifi","og_url":"https:\/\/zionbr.com\/wifi\/sobre-nos\/","og_site_name":"Zion Wifi","article_publisher":"https:\/\/www.facebook.com\/zionwifibr","article_modified_time":"2023-11-27T17:27:11+00:00","og_image":[{"url":"https:\/\/zionbr.com\/wifi\/wp-content\/uploads\/2023\/05\/posts-8-500x500.png","type":"","width":"","height":""}],"twitter_card":"summary_large_image","twitter_misc":{"Est. tempo de leitura":"1 minuto"},"schema":{"@context":"https:\/\/schema.org","@graph":[{"@type":"WebPage","@id":"https:\/\/zionbr.com\/wifi\/sobre-nos\/","url":"https:\/\/zionbr.com\/wifi\/sobre-nos\/","name":"A Empresa - Zion Wifi","isPartOf":{"@id":"https:\/\/zionbr.com\/wifi\/#website"},"primaryImageOfPage":{"@id":"https:\/\/zionbr.com\/wifi\/sobre-nos\/#primaryimage"},"image":{"@id":"https:\/\/zionbr.com\/wifi\/sobre-nos\/#primaryimage"},"thumbnailUrl":"https:\/\/zionbr.com\/wifi\/wp-content\/uploads\/2023\/05\/posts-8-500x500.png","datePublished":"2021-10-14T13:41:21+00:00","dateModified":"2023-11-27T17:27:11+00:00","breadcrumb":{"@id":"https:\/\/zionbr.com\/wifi\/sobre-nos\/#breadcrumb"},"inLanguage":"pt-BR","potentialAction":[{"@type":"ReadAction","target":["https:\/\/zionbr.com\/wifi\/sobre-nos\/"]}]},{"@type":"ImageObject","inLanguage":"pt-BR","@id":"https:\/\/zionbr.com\/wifi\/sobre-nos\/#primaryimage","url":"https:\/\/zionbr.com\/wifi\/wp-content\/uploads\/2023\/05\/posts-8.png","contentUrl":"https:\/\/zionbr.com\/wifi\/wp-content\/uploads\/2023\/05\/posts-8.png","width":1080,"height":1080},{"@type":"BreadcrumbList","@id":"https:\/\/zionbr.com\/wifi\/sobre-nos\/#breadcrumb","itemListElement":[{"@type":"ListItem","position":1,"name":"In\u00edcio","item":"https:\/\/zionbr.com\/wifi\/"},{"@type":"ListItem","position":2,"name":"A Empresa"}]},{"@type":"WebSite","@id":"https:\/\/zionbr.com\/wifi\/#website","url":"https:\/\/zionbr.com\/wifi\/","name":"Zion Wifi","description":"Sua internet muito al\u00e9m do que voc\u00ea espera!","publisher":{"@id":"https:\/\/zionbr.com\/wifi\/#organization"},"potentialAction":[{"@type":"SearchAction","target":{"@type":"EntryPoint","urlTemplate":"https:\/\/zionbr.com\/wifi\/?s={search_term_string}"},"query-input":{"@type":"PropertyValueSpecification","valueRequired":true,"valueName":"search_term_string"}}],"inLanguage":"pt-BR"},{"@type":"Organization","@id":"https:\/\/zionbr.com\/wifi\/#organization","name":"Zion Wifi","url":"https:\/\/zionbr.com\/wifi\/","logo":{"@type":"ImageObject","inLanguage":"pt-BR","@id":"https:\/\/zionbr.com\/wifi\/#\/schema\/logo\/image\/","url":"https:\/\/zionbr.com\/wifi\/wp-content\/uploads\/2023\/04\/cropped-logo-zion-site.png","contentUrl":"https:\/\/zionbr.com\/wifi\/wp-content\/uploads\/2023\/04\/cropped-logo-zion-site.png","width":200,"height":99,"caption":"Zion Wifi"},"image":{"@id":"https:\/\/zionbr.com\/wifi\/#\/schema\/logo\/image\/"},"sameAs":["https:\/\/www.facebook.com\/zionwifibr","https:\/\/www.instagram.com\/zionwifibr\/"]}]}},"_links":{"self":[{"href":"https:\/\/zionbr.com\/wifi\/wp-json\/wp\/v2\/pages\/393","targetHints":{"allow":["GET"]}}],"collection":[{"href":"https:\/\/zionbr.com\/wifi\/wp-json\/wp\/v2\/pages"}],"about":[{"href":"https:\/\/zionbr.com\/wifi\/wp-json\/wp\/v2\/types\/page"}],"author":[{"embeddable":true,"href":"https:\/\/zionbr.com\/wifi\/wp-json\/wp\/v2\/users\/1"}],"replies":[{"embeddable":true,"href":"https:\/\/zionbr.com\/wifi\/wp-json\/wp\/v2\/comments?post=393"}],"version-history":[{"count":16,"href":"https:\/\/zionbr.com\/wifi\/wp-json\/wp\/v2\/pages\/393\/revisions"}],"predecessor-version":[{"id":942,"href":"https:\/\/zionbr.com\/wifi\/wp-json\/wp\/v2\/pages\/393\/revisions\/942"}],"wp:attachment":[{"href":"https:\/\/zionbr.com\/wifi\/wp-json\/wp\/v2\/media?parent=393"}],"curies":[{"name":"wp","href":"https:\/\/api.w.org\/{rel}","templated":true}]}}