{"id":424,"date":"2021-10-19T11:16:02","date_gmt":"2021-10-19T11:16:02","guid":{"rendered":"https:\/\/demosites.io\/neve-3\/?page_id=423"},"modified":"2023-06-12T14:06:49","modified_gmt":"2023-06-12T14:06:49","slug":"como-funciona","status":"publish","type":"page","link":"https:\/\/zionbr.com\/wifi\/como-funciona\/","title":{"rendered":"Como Funciona?"},"content":{"rendered":"\n<div id=\"wp-block-themeisle-blocks-advanced-columns-ca35c935\" class=\"wp-block-themeisle-blocks-advanced-columns has-1-columns has-desktop-equal-layout has-tablet-equal-layout has-mobile-equal-layout has-vertical-unset\"><div class=\"wp-block-themeisle-blocks-advanced-columns-overlay\"><\/div><div class=\"innerblocks-wrap\">\n<div id=\"wp-block-themeisle-blocks-advanced-column-7b4b00ad\" class=\"wp-block-themeisle-blocks-advanced-column\">\n<h2 id=\"wp-block-themeisle-blocks-advanced-heading-655fb8c9\" class=\"wp-block-themeisle-blocks-advanced-heading wp-block-themeisle-blocks-advanced-heading-655fb8c9\"><strong>Redes WI-FI<\/strong><\/h2>\n\n\n\n<p class=\"has-text-align-center\">Utilizados para conex\u00e3o de dispositivos que pertencem \u00e0 classe de rede local sem fio com base no padr\u00e3o IEEE 802.11.<\/p>\n<\/div>\n<\/div><\/div>\n\n\n\n<div id=\"wp-block-themeisle-blocks-advanced-columns-784450ff\" class=\"wp-block-themeisle-blocks-advanced-columns alignfull has-1-columns has-desktop-equal-layout has-tablet-equal-layout has-mobile-collapsedRows-layout has-vertical-center ticss-c00aadba\"><div class=\"wp-block-themeisle-blocks-advanced-columns-overlay\"><\/div><div class=\"innerblocks-wrap\">\n<div id=\"wp-block-themeisle-blocks-advanced-column-d0fbfc0a\" class=\"wp-block-themeisle-blocks-advanced-column\">\n<div id=\"wp-block-themeisle-blocks-advanced-columns-8085ff1f\" class=\"wp-block-themeisle-blocks-advanced-columns has-3-columns has-desktop-equal-layout has-tablet-equal-layout has-mobile-collapsedRows-layout has-vertical-top\"><div class=\"wp-block-themeisle-blocks-advanced-columns-overlay\"><\/div><div class=\"innerblocks-wrap\">\n<div id=\"wp-block-themeisle-blocks-advanced-column-dfb15c39\" class=\"wp-block-themeisle-blocks-advanced-column\">\n<div id=\"wp-block-themeisle-blocks-font-awesome-icons-c5fd27f1\" class=\"wp-block-themeisle-blocks-font-awesome-icons\"><span class=\"wp-block-themeisle-blocks-font-awesome-icons-container\"><i class=\"fas fa-wifi\"><\/i><\/span><\/div>\n\n\n\n<h3 id=\"wp-block-themeisle-blocks-advanced-heading-3147d135\" class=\"wp-block-themeisle-blocks-advanced-heading wp-block-themeisle-blocks-advanced-heading-3147d135\"><strong><strong>Redes WI-FI<\/strong><\/strong> 6<\/h3>\n\n\n\n<p class=\"has-text-align-center\">Atuamos com equipamentos de \u00faltima gera\u00e7\u00e3o utilizando <strong>Wi-fI 6<\/strong> proporcionando alta conectividade e desempenho para os clientes e ambientes corporativos.<\/p>\n<\/div>\n\n\n\n<div id=\"wp-block-themeisle-blocks-advanced-column-ec09b220\" class=\"wp-block-themeisle-blocks-advanced-column ticss-ec09b220\">\n<div id=\"wp-block-themeisle-blocks-font-awesome-icons-1225333d\" class=\"wp-block-themeisle-blocks-font-awesome-icons\"><span class=\"wp-block-themeisle-blocks-font-awesome-icons-container\"><i class=\"fab fa-wpforms\"><\/i><\/span><\/div>\n\n\n\n<h3 id=\"wp-block-themeisle-blocks-advanced-heading-869a9c1f\" class=\"wp-block-themeisle-blocks-advanced-heading wp-block-themeisle-blocks-advanced-heading-869a9c1f\"><strong><strong>Perfil de Cadastro Via Formul\u00e1rio ou Redes Sociais<\/strong><\/strong><\/h3>\n\n\n\n<p class=\"has-text-align-center\">Tenha os dados de conex\u00e3o do seu cliente como nome, data de nascimento, e-mail g\u00eanero, telefone e interesses dos clientes.<\/p>\n<\/div>\n\n\n\n<div id=\"wp-block-themeisle-blocks-advanced-column-adbc5601\" class=\"wp-block-themeisle-blocks-advanced-column\">\n<div id=\"wp-block-themeisle-blocks-font-awesome-icons-2851bd4e\" class=\"wp-block-themeisle-blocks-font-awesome-icons\"><span class=\"wp-block-themeisle-blocks-font-awesome-icons-container\"><i class=\"fas fa-chalkboard\"><\/i><\/span><\/div>\n\n\n\n<h3 id=\"wp-block-themeisle-blocks-advanced-heading-bacc3ab4\" class=\"wp-block-themeisle-blocks-advanced-heading wp-block-themeisle-blocks-advanced-heading-bacc3ab4\"><strong><strong>Relat\u00f3rios e Gerenciamento em Tempo Real<\/strong><\/strong><\/h3>\n\n\n\n<p class=\"has-text-align-center\">Visualiza\u00e7\u00e3o de Informa\u00e7\u00f5es e dados em tempo real por dashboard de f\u00e1cil gerenciamento.<\/p>\n<\/div>\n<\/div><\/div>\n\n\n\n<div id=\"wp-block-themeisle-blocks-advanced-columns-ff7b81a3\" class=\"wp-block-themeisle-blocks-advanced-columns has-3-columns has-desktop-equal-layout has-tablet-equal-layout has-mobile-collapsedRows-layout has-vertical-top\"><div class=\"wp-block-themeisle-blocks-advanced-columns-overlay\"><\/div><div class=\"innerblocks-wrap\">\n<div id=\"wp-block-themeisle-blocks-advanced-column-761fbc39\" class=\"wp-block-themeisle-blocks-advanced-column\">\n<div id=\"wp-block-themeisle-blocks-font-awesome-icons-c7a4cc83\" class=\"wp-block-themeisle-blocks-font-awesome-icons\"><span class=\"wp-block-themeisle-blocks-font-awesome-icons-container\"><i class=\"fas fa-globe\"><\/i><\/span><\/div>\n\n\n\n<h3 id=\"wp-block-themeisle-blocks-advanced-heading-1324a1bc\" class=\"wp-block-themeisle-blocks-advanced-heading wp-block-themeisle-blocks-advanced-heading-1324a1bc\"><strong><strong>Acessos<\/strong><\/strong><\/h3>\n\n\n\n<p class=\"has-text-align-center\">Wi-fi Livre de senhas ou por Vouchers aleat\u00f3rios podendo com direcionamento para sites e m\u00eddias permanecendo segura atendendo a Lei do Marco Civil da Internet e LGPD.<\/p>\n<\/div>\n\n\n\n<div id=\"wp-block-themeisle-blocks-advanced-column-db8ccae8\" class=\"wp-block-themeisle-blocks-advanced-column ticss-ec09b220\">\n<div id=\"wp-block-themeisle-blocks-font-awesome-icons-8bcb59f6\" class=\"wp-block-themeisle-blocks-font-awesome-icons\"><span class=\"wp-block-themeisle-blocks-font-awesome-icons-container\"><i class=\"fas fa-chart-bar\"><\/i><\/span><\/div>\n\n\n\n<h3 id=\"wp-block-themeisle-blocks-advanced-heading-614160e2\" class=\"wp-block-themeisle-blocks-advanced-heading wp-block-themeisle-blocks-advanced-heading-614160e2\"><strong><strong>Insights Comportamentais<\/strong><\/strong><\/h3>\n\n\n\n<p class=\"has-text-align-center\">Identifica\u00e7\u00e3o de Clientes localidade por onde se movimentou e o seu per\u00edodo de permanecia buscando seguran\u00e7a, engajamento com informa\u00e7\u00f5es relevantes para o marketing, hotspot uma melhor qualidade de conex\u00e3o.<\/p>\n<\/div>\n\n\n\n<div id=\"wp-block-themeisle-blocks-advanced-column-35e5268e\" class=\"wp-block-themeisle-blocks-advanced-column\">\n<div id=\"wp-block-themeisle-blocks-font-awesome-icons-ec628fb9\" class=\"wp-block-themeisle-blocks-font-awesome-icons\"><span class=\"wp-block-themeisle-blocks-font-awesome-icons-container\"><i class=\"fas fa-bullhorn\"><\/i><\/span><\/div>\n\n\n\n<h3 id=\"wp-block-themeisle-blocks-advanced-heading-b7d18ae6\" class=\"wp-block-themeisle-blocks-advanced-heading wp-block-themeisle-blocks-advanced-heading-b7d18ae6\"><strong><strong>Marketing<\/strong><\/strong><\/h3>\n\n\n\n<p class=\"has-text-align-center\">Utiliza\u00e7\u00e3o da rede wi-fi para realizar a\u00e7\u00f5es de marketing e publicidade<\/p>\n<\/div>\n<\/div><\/div>\n<\/div>\n<\/div><\/div>\n\n\n\n<div id=\"wp-block-themeisle-blocks-advanced-columns-678cc482\" class=\"wp-block-themeisle-blocks-advanced-columns alignfull has-1-columns has-desktop-equal-layout has-tablet-equal-layout has-mobile-collapsedRows-layout has-reverse-columns-mobile has-vertical-bottom ticss-c00aadba\"><div class=\"wp-block-themeisle-blocks-advanced-columns-overlay\"><\/div><div class=\"innerblocks-wrap\">\n<div id=\"wp-block-themeisle-blocks-advanced-column-4d412c51\" class=\"wp-block-themeisle-blocks-advanced-column\">\n<h2 id=\"wp-block-themeisle-blocks-advanced-heading-fb3c7a39\" class=\"wp-block-themeisle-blocks-advanced-heading wp-block-themeisle-blocks-advanced-heading-fb3c7a39\"><strong>Solicite uma demonstra\u00e7\u00e3o<\/strong>!<\/h2>\n\n\n\n<p class=\"has-text-align-center has-text-color\" style=\"color:#fefefe\"><\/p>\n\n\n\n<div class=\"wp-block-buttons is-content-justification-center is-layout-flex wp-container-core-buttons-is-layout-16018d1d wp-block-buttons-is-layout-flex\">\n<div class=\"wp-block-button is-style-primary\"><a class=\"wp-block-button__link wp-element-button\" href=\"https:\/\/wa.me\/5511992797451\" target=\"_blank\" rel=\"noreferrer noopener\">WhatsApp<\/a><\/div>\n<\/div>\n<\/div>\n<\/div><\/div>\n","protected":false},"excerpt":{"rendered":"","protected":false},"author":1,"featured_media":0,"parent":0,"menu_order":0,"comment_status":"closed","ping_status":"closed","template":"essential-blocks-fullwidth-template.php","meta":{"_eb_attr":"","neve_meta_sidebar":"default","neve_meta_container":"contained","neve_meta_enable_content_width":"","neve_meta_content_width":0,"neve_meta_title_alignment":"","neve_meta_author_avatar":"","neve_post_elements_order":"","neve_meta_disable_header":"","neve_meta_disable_footer":"","neve_meta_disable_title":"on","_themeisle_gutenberg_block_has_review":false,"footnotes":""},"class_list":["post-424","page","type-page","status-publish","hentry"],"yoast_head":"<!-- This site is optimized with the Yoast SEO plugin v27.2 - https:\/\/yoast.com\/product\/yoast-seo-wordpress\/ -->\n<title>Como Funciona? - Zion Wifi<\/title>\n<meta name=\"robots\" content=\"index, follow, max-snippet:-1, max-image-preview:large, max-video-preview:-1\" \/>\n<link rel=\"canonical\" href=\"https:\/\/zionbr.com\/wifi\/como-funciona\/\" \/>\n<meta property=\"og:locale\" content=\"pt_BR\" \/>\n<meta property=\"og:type\" content=\"article\" \/>\n<meta property=\"og:title\" content=\"Como Funciona? - Zion Wifi\" \/>\n<meta property=\"og:url\" content=\"https:\/\/zionbr.com\/wifi\/como-funciona\/\" \/>\n<meta property=\"og:site_name\" content=\"Zion Wifi\" \/>\n<meta property=\"article:publisher\" content=\"https:\/\/www.facebook.com\/zionwifibr\" \/>\n<meta property=\"article:modified_time\" content=\"2023-06-12T14:06:49+00:00\" \/>\n<meta name=\"twitter:card\" content=\"summary_large_image\" \/>\n<meta name=\"twitter:label1\" content=\"Est. tempo de leitura\" \/>\n\t<meta name=\"twitter:data1\" content=\"1 minuto\" \/>\n<script type=\"application\/ld+json\" class=\"yoast-schema-graph\">{\"@context\":\"https:\/\/schema.org\",\"@graph\":[{\"@type\":\"WebPage\",\"@id\":\"https:\/\/zionbr.com\/wifi\/como-funciona\/\",\"url\":\"https:\/\/zionbr.com\/wifi\/como-funciona\/\",\"name\":\"Como Funciona? - Zion Wifi\",\"isPartOf\":{\"@id\":\"https:\/\/zionbr.com\/wifi\/#website\"},\"datePublished\":\"2021-10-19T11:16:02+00:00\",\"dateModified\":\"2023-06-12T14:06:49+00:00\",\"breadcrumb\":{\"@id\":\"https:\/\/zionbr.com\/wifi\/como-funciona\/#breadcrumb\"},\"inLanguage\":\"pt-BR\",\"potentialAction\":[{\"@type\":\"ReadAction\",\"target\":[\"https:\/\/zionbr.com\/wifi\/como-funciona\/\"]}]},{\"@type\":\"BreadcrumbList\",\"@id\":\"https:\/\/zionbr.com\/wifi\/como-funciona\/#breadcrumb\",\"itemListElement\":[{\"@type\":\"ListItem\",\"position\":1,\"name\":\"In\u00edcio\",\"item\":\"https:\/\/zionbr.com\/wifi\/\"},{\"@type\":\"ListItem\",\"position\":2,\"name\":\"Como Funciona?\"}]},{\"@type\":\"WebSite\",\"@id\":\"https:\/\/zionbr.com\/wifi\/#website\",\"url\":\"https:\/\/zionbr.com\/wifi\/\",\"name\":\"Zion Wifi\",\"description\":\"Sua internet muito al\u00e9m do que voc\u00ea espera!\",\"publisher\":{\"@id\":\"https:\/\/zionbr.com\/wifi\/#organization\"},\"potentialAction\":[{\"@type\":\"SearchAction\",\"target\":{\"@type\":\"EntryPoint\",\"urlTemplate\":\"https:\/\/zionbr.com\/wifi\/?s={search_term_string}\"},\"query-input\":{\"@type\":\"PropertyValueSpecification\",\"valueRequired\":true,\"valueName\":\"search_term_string\"}}],\"inLanguage\":\"pt-BR\"},{\"@type\":\"Organization\",\"@id\":\"https:\/\/zionbr.com\/wifi\/#organization\",\"name\":\"Zion Wifi\",\"url\":\"https:\/\/zionbr.com\/wifi\/\",\"logo\":{\"@type\":\"ImageObject\",\"inLanguage\":\"pt-BR\",\"@id\":\"https:\/\/zionbr.com\/wifi\/#\/schema\/logo\/image\/\",\"url\":\"https:\/\/zionbr.com\/wifi\/wp-content\/uploads\/2023\/04\/cropped-logo-zion-site.png\",\"contentUrl\":\"https:\/\/zionbr.com\/wifi\/wp-content\/uploads\/2023\/04\/cropped-logo-zion-site.png\",\"width\":200,\"height\":99,\"caption\":\"Zion Wifi\"},\"image\":{\"@id\":\"https:\/\/zionbr.com\/wifi\/#\/schema\/logo\/image\/\"},\"sameAs\":[\"https:\/\/www.facebook.com\/zionwifibr\",\"https:\/\/www.instagram.com\/zionwifibr\/\"]}]}<\/script>\n<!-- \/ Yoast SEO plugin. -->","yoast_head_json":{"title":"Como Funciona? - Zion Wifi","robots":{"index":"index","follow":"follow","max-snippet":"max-snippet:-1","max-image-preview":"max-image-preview:large","max-video-preview":"max-video-preview:-1"},"canonical":"https:\/\/zionbr.com\/wifi\/como-funciona\/","og_locale":"pt_BR","og_type":"article","og_title":"Como Funciona? - Zion Wifi","og_url":"https:\/\/zionbr.com\/wifi\/como-funciona\/","og_site_name":"Zion Wifi","article_publisher":"https:\/\/www.facebook.com\/zionwifibr","article_modified_time":"2023-06-12T14:06:49+00:00","twitter_card":"summary_large_image","twitter_misc":{"Est. tempo de leitura":"1 minuto"},"schema":{"@context":"https:\/\/schema.org","@graph":[{"@type":"WebPage","@id":"https:\/\/zionbr.com\/wifi\/como-funciona\/","url":"https:\/\/zionbr.com\/wifi\/como-funciona\/","name":"Como Funciona? - Zion Wifi","isPartOf":{"@id":"https:\/\/zionbr.com\/wifi\/#website"},"datePublished":"2021-10-19T11:16:02+00:00","dateModified":"2023-06-12T14:06:49+00:00","breadcrumb":{"@id":"https:\/\/zionbr.com\/wifi\/como-funciona\/#breadcrumb"},"inLanguage":"pt-BR","potentialAction":[{"@type":"ReadAction","target":["https:\/\/zionbr.com\/wifi\/como-funciona\/"]}]},{"@type":"BreadcrumbList","@id":"https:\/\/zionbr.com\/wifi\/como-funciona\/#breadcrumb","itemListElement":[{"@type":"ListItem","position":1,"name":"In\u00edcio","item":"https:\/\/zionbr.com\/wifi\/"},{"@type":"ListItem","position":2,"name":"Como Funciona?"}]},{"@type":"WebSite","@id":"https:\/\/zionbr.com\/wifi\/#website","url":"https:\/\/zionbr.com\/wifi\/","name":"Zion Wifi","description":"Sua internet muito al\u00e9m do que voc\u00ea espera!","publisher":{"@id":"https:\/\/zionbr.com\/wifi\/#organization"},"potentialAction":[{"@type":"SearchAction","target":{"@type":"EntryPoint","urlTemplate":"https:\/\/zionbr.com\/wifi\/?s={search_term_string}"},"query-input":{"@type":"PropertyValueSpecification","valueRequired":true,"valueName":"search_term_string"}}],"inLanguage":"pt-BR"},{"@type":"Organization","@id":"https:\/\/zionbr.com\/wifi\/#organization","name":"Zion Wifi","url":"https:\/\/zionbr.com\/wifi\/","logo":{"@type":"ImageObject","inLanguage":"pt-BR","@id":"https:\/\/zionbr.com\/wifi\/#\/schema\/logo\/image\/","url":"https:\/\/zionbr.com\/wifi\/wp-content\/uploads\/2023\/04\/cropped-logo-zion-site.png","contentUrl":"https:\/\/zionbr.com\/wifi\/wp-content\/uploads\/2023\/04\/cropped-logo-zion-site.png","width":200,"height":99,"caption":"Zion Wifi"},"image":{"@id":"https:\/\/zionbr.com\/wifi\/#\/schema\/logo\/image\/"},"sameAs":["https:\/\/www.facebook.com\/zionwifibr","https:\/\/www.instagram.com\/zionwifibr\/"]}]}},"_links":{"self":[{"href":"https:\/\/zionbr.com\/wifi\/wp-json\/wp\/v2\/pages\/424","targetHints":{"allow":["GET"]}}],"collection":[{"href":"https:\/\/zionbr.com\/wifi\/wp-json\/wp\/v2\/pages"}],"about":[{"href":"https:\/\/zionbr.com\/wifi\/wp-json\/wp\/v2\/types\/page"}],"author":[{"embeddable":true,"href":"https:\/\/zionbr.com\/wifi\/wp-json\/wp\/v2\/users\/1"}],"replies":[{"embeddable":true,"href":"https:\/\/zionbr.com\/wifi\/wp-json\/wp\/v2\/comments?post=424"}],"version-history":[{"count":29,"href":"https:\/\/zionbr.com\/wifi\/wp-json\/wp\/v2\/pages\/424\/revisions"}],"predecessor-version":[{"id":902,"href":"https:\/\/zionbr.com\/wifi\/wp-json\/wp\/v2\/pages\/424\/revisions\/902"}],"wp:attachment":[{"href":"https:\/\/zionbr.com\/wifi\/wp-json\/wp\/v2\/media?parent=424"}],"curies":[{"name":"wp","href":"https:\/\/api.w.org\/{rel}","templated":true}]}}