{"id":833,"date":"2023-05-23T18:28:47","date_gmt":"2023-05-23T18:28:47","guid":{"rendered":"https:\/\/zionbr.com\/wifi\/?page_id=833"},"modified":"2023-06-06T17:57:10","modified_gmt":"2023-06-06T17:57:10","slug":"outras-solucoes","status":"publish","type":"page","link":"https:\/\/zionbr.com\/wifi\/outras-solucoes\/","title":{"rendered":"Outras Solu\u00e7\u00f5es"},"content":{"rendered":"\n<div id=\"wp-block-themeisle-blocks-advanced-columns-10a61cef\" class=\"wp-block-themeisle-blocks-advanced-columns has-1-columns has-desktop-equal-layout has-tablet-equal-layout has-mobile-equal-layout has-vertical-unset\"><div class=\"wp-block-themeisle-blocks-advanced-columns-overlay\"><\/div><div class=\"innerblocks-wrap\">\n<div id=\"wp-block-themeisle-blocks-advanced-column-b79320e0\" class=\"wp-block-themeisle-blocks-advanced-column has-dark-bg\">\n<section id=\"wp-block-themeisle-blocks-advanced-columns-335a2f03\" class=\"wp-block-themeisle-blocks-advanced-columns alignfull has-1-columns has-desktop-equal-layout has-tablet-equal-layout has-mobile-equal-layout has-vertical-flex-start\"><div class=\"wp-block-themeisle-blocks-advanced-columns-overlay\"><\/div><div class=\"innerblocks-wrap\">\n<div id=\"wp-block-themeisle-blocks-advanced-column-5d90343f\" class=\"wp-block-themeisle-blocks-advanced-column\">\n<section id=\"wp-block-themeisle-blocks-advanced-columns-b2ead1d6\" class=\"wp-block-themeisle-blocks-advanced-columns has-2-columns has-desktop-equal-layout has-tablet-equal-layout has-mobile-collapsedRows-layout has-vertical-center\"><div class=\"wp-block-themeisle-blocks-advanced-columns-overlay\"><\/div><div class=\"innerblocks-wrap\">\n<div id=\"wp-block-themeisle-blocks-advanced-column-7c705a1c\" class=\"wp-block-themeisle-blocks-advanced-column\">\n<h2 class=\"wp-block-heading\">Outras Solu\u00e7\u00f5es<\/h2>\n\n\n\n<p>Nossas solu\u00e7\u00f5es tem fun\u00e7\u00f5es proativas que garantem a funcionalidade do ambiente, evitando problemas futuros.<br>Atuando com profissionais qualificados e Certificados. Trabalhamos com os melhores produtos e ferramentas que o mercado atual proporciona.<\/p>\n<\/div>\n\n\n\n<div id=\"wp-block-themeisle-blocks-advanced-column-5f9a9ec0\" class=\"wp-block-themeisle-blocks-advanced-column\">\n<figure class=\"wp-block-image size-full\"><img loading=\"lazy\" decoding=\"async\" width=\"500\" height=\"500\" src=\"https:\/\/zionbr.com\/wifi\/wp-content\/uploads\/2023\/05\/imagens-site-solucoes.png\" alt=\"\" class=\"wp-image-852\" srcset=\"https:\/\/zionbr.com\/wifi\/wp-content\/uploads\/2023\/05\/imagens-site-solucoes.png 500w, https:\/\/zionbr.com\/wifi\/wp-content\/uploads\/2023\/05\/imagens-site-solucoes-200x200.png 200w\" sizes=\"auto, (max-width: 500px) 100vw, 500px\" \/><\/figure>\n<\/div>\n<\/div><\/section>\n\n\n\n<section id=\"wp-block-themeisle-blocks-advanced-columns-8e7cc7ae\" class=\"wp-block-themeisle-blocks-advanced-columns has-3-columns has-desktop-equal-layout has-tablet-equal-layout has-mobile-collapsedRows-layout has-vertical-flex-start\"><div class=\"wp-block-themeisle-blocks-advanced-columns-overlay\"><\/div><div class=\"innerblocks-wrap\">\n<div id=\"wp-block-themeisle-blocks-advanced-column-725f10a7\" class=\"wp-block-themeisle-blocks-advanced-column\">\n<h3 class=\"wp-block-heading has-text-align-left\">Infraestrutura<\/h3>\n\n\n\n<ul class=\"wp-block-list\">\n<li>Planejar e executar a evolu\u00e7\u00e3o tecnol\u00f3gica dos ambientes.<\/li>\n\n\n\n<li>Melhor aproveitamento de tecnologias e recursos existentes.<\/li>\n\n\n\n<li>Fazer toda auditoria nos ambientes em prol de encontrar pontos fracos e n\u00e3o conformidades.<\/li>\n\n\n\n<li>Zelar pela disponibilidade e performance da infraestrutura de TI, de acordo com os SLAs (Acordos de N\u00edvel de Servi\u00e7os).<\/li>\n\n\n\n<li>Atendimento a chamados de Service Desk, problemas com infra, indisponibilidade de servi\u00e7os, problemas localizados em esta\u00e7\u00f5es de trabalho.<\/li>\n<\/ul>\n<\/div>\n\n\n\n<div id=\"wp-block-themeisle-blocks-advanced-column-3c67f726\" class=\"wp-block-themeisle-blocks-advanced-column\">\n<h3 class=\"wp-block-heading has-text-align-left\">Cabeamento<\/h3>\n\n\n\n<ul class=\"wp-block-list\">\n<li>Cabeamento estruturado nas categorias 5e, 6, 6\u00aa e 7 para utiliza\u00e7\u00e3o de dados, Voz, V\u00eddeo e outras aplica\u00e7\u00f5es para rede.<\/li>\n\n\n\n<li>Cabeamento Vertical, backbone para dados e voz em estrutura \u00f3ptica mult\u00edmodo, monomodo e coaxiais.<\/li>\n\n\n\n<li>Fus\u00e3o e conectoriza\u00e7\u00e3o de fibras \u00f3pticas e cabeamento estruturado.<\/li>\n\n\n\n<li>Entrega de Relat\u00f3rios com equipamentos Fluke e Lantek.<\/li>\n\n\n\n<li>As Built<\/li>\n<\/ul>\n<\/div>\n\n\n\n<div id=\"wp-block-themeisle-blocks-advanced-column-4956dbc0\" class=\"wp-block-themeisle-blocks-advanced-column\">\n<h3 class=\"wp-block-heading has-text-align-left\">El\u00e9trica<\/h3>\n\n\n\n<ul class=\"wp-block-list\">\n<li>Instala\u00e7\u00e3o de circuito el\u00e9trico comum.<\/li>\n\n\n\n<li>Instala\u00e7\u00e3o de circuito el\u00e9trico estabilizado.<\/li>\n\n\n\n<li>Instala\u00e7\u00e3o de circuito el\u00e9trico para ilumina\u00e7\u00e3o.<\/li>\n\n\n\n<li>Montagem de quadros el\u00e9tricos.<\/li>\n\n\n\n<li>Instala\u00e7\u00e3o de UPS, Nobreak com redund\u00e2ncia e baterias.<\/li>\n<\/ul>\n<\/div>\n<\/div><\/section>\n<\/div>\n<\/div><\/section>\n\n\n\n<section id=\"wp-block-themeisle-blocks-advanced-columns-80aef5f4\" class=\"wp-block-themeisle-blocks-advanced-columns alignfull has-1-columns has-desktop-equal-layout has-tablet-equal-layout has-mobile-equal-layout has-vertical-flex-start\"><div class=\"wp-block-themeisle-blocks-advanced-columns-overlay\"><\/div><div class=\"innerblocks-wrap\">\n<div id=\"wp-block-themeisle-blocks-advanced-column-e029428e\" class=\"wp-block-themeisle-blocks-advanced-column\">\n<section id=\"wp-block-themeisle-blocks-advanced-columns-3d005271\" class=\"wp-block-themeisle-blocks-advanced-columns has-3-columns has-desktop-equal-layout has-tablet-equal-layout has-mobile-collapsedRows-layout has-vertical-flex-start\"><div class=\"wp-block-themeisle-blocks-advanced-columns-overlay\"><\/div><div class=\"innerblocks-wrap\">\n<div id=\"wp-block-themeisle-blocks-advanced-column-e56bb62e\" class=\"wp-block-themeisle-blocks-advanced-column\">\n<h3 class=\"wp-block-heading has-text-align-left\">CFTV<\/h3>\n\n\n\n<ul class=\"wp-block-list\">\n<li>Equipamento para a capt\u00e7\u00e3o de \u00e1udio e v\u00eddeo.<\/li>\n\n\n\n<li>Cabeamento estrat\u00e9gico para seu neg\u00f3cio\/resid\u00eancia.<\/li>\n\n\n\n<li>Equipamentos de gerenciamento e armazenamento.<\/li>\n\n\n\n<li>Entrega de Relat\u00f3rios com equipamentos Fluke e Lantek.<\/li>\n<\/ul>\n<\/div>\n\n\n\n<div id=\"wp-block-themeisle-blocks-advanced-column-991cea42\" class=\"wp-block-themeisle-blocks-advanced-column\">\n<h3 class=\"wp-block-heading has-text-align-left\">Telefonia IP\/VOIP<\/h3>\n\n\n\n<ul class=\"wp-block-list\">\n<li>Loca\u00e7\u00e3o de equipamentos telef\u00f4nico<br>Cisco UC \u2013 CP 39XX ao CP 99XX.<\/li>\n\n\n\n<li>Implanta\u00e7\u00e3o de ROUTER 29xx \u2013 3900<br>Cisco Call Manager Express.<\/li>\n\n\n\n<li>Implanta\u00e7\u00e3o UCS Cisco Unified Communications Manager.<\/li>\n\n\n\n<li>Implanta\u00e7\u00e3o de Bilhetagem.<\/li>\n\n\n\n<li>Implanta\u00e7\u00e3o de Interface Celular.<\/li>\n<\/ul>\n<\/div>\n\n\n\n<div id=\"wp-block-themeisle-blocks-advanced-column-3f9ca1a2\" class=\"wp-block-themeisle-blocks-advanced-column\">\n<h3 class=\"wp-block-heading has-text-align-left\">Network<\/h3>\n\n\n\n<ul class=\"wp-block-list\">\n<li>Wi-Fi.<\/li>\n\n\n\n<li>Router.<\/li>\n\n\n\n<li>Switch.<\/li>\n\n\n\n<li>Firewall.<\/li>\n\n\n\n<li>Balanceadores de Carga.<\/li>\n<\/ul>\n<\/div>\n<\/div><\/section>\n<\/div>\n<\/div><\/section>\n<\/div>\n<\/div><\/div>\n\n\n\n<div id=\"wp-block-themeisle-blocks-advanced-columns-8a43e65b\" class=\"wp-block-themeisle-blocks-advanced-columns has-1-columns has-desktop-equal-layout has-tablet-equal-layout has-mobile-equal-layout has-vertical-unset\"><div class=\"wp-block-themeisle-blocks-advanced-columns-overlay\"><\/div><div class=\"innerblocks-wrap\">\n<section id=\"wp-block-themeisle-blocks-advanced-column-48441415\" class=\"wp-block-themeisle-blocks-advanced-column\">\n<div id=\"wp-block-themeisle-blocks-advanced-columns-678cc482\" class=\"wp-block-themeisle-blocks-advanced-columns alignfull has-1-columns has-desktop-equal-layout has-tablet-equal-layout has-mobile-collapsedRows-layout has-reverse-columns-mobile has-vertical-bottom ticss-c00aadba\"><div class=\"wp-block-themeisle-blocks-advanced-columns-overlay\"><\/div><div class=\"innerblocks-wrap\">\n<div id=\"wp-block-themeisle-blocks-advanced-column-4d412c51\" class=\"wp-block-themeisle-blocks-advanced-column\">\n<h2 id=\"wp-block-themeisle-blocks-advanced-heading-fb3c7a39\" class=\"wp-block-themeisle-blocks-advanced-heading wp-block-themeisle-blocks-advanced-heading-fb3c7a39\">Preparado para <br>otimizar seus resultados?<\/h2>\n\n\n\n<p class=\"has-text-align-center has-text-color\" style=\"color:#fefefe\">Chame agora e vamos conversar!<\/p>\n\n\n\n<div class=\"wp-block-buttons is-content-justification-center is-layout-flex wp-container-core-buttons-is-layout-16018d1d wp-block-buttons-is-layout-flex\">\n<div class=\"wp-block-button is-style-primary\"><a class=\"wp-block-button__link wp-element-button\" href=\"https:\/\/wa.me\/5511992797451\" target=\"_blank\" rel=\"noreferrer noopener\">WhatsApp<\/a><\/div>\n<\/div>\n<\/div>\n<\/div><\/div>\n<\/section>\n<\/div><\/div>\n","protected":false},"excerpt":{"rendered":"","protected":false},"author":1,"featured_media":0,"parent":0,"menu_order":0,"comment_status":"closed","ping_status":"closed","template":"","meta":{"_eb_attr":"","neve_meta_sidebar":"","neve_meta_container":"","neve_meta_enable_content_width":"","neve_meta_content_width":0,"neve_meta_title_alignment":"","neve_meta_author_avatar":"","neve_post_elements_order":"","neve_meta_disable_header":"","neve_meta_disable_footer":"","neve_meta_disable_title":"on","_themeisle_gutenberg_block_has_review":false,"footnotes":""},"class_list":["post-833","page","type-page","status-publish","hentry"],"yoast_head":"<!-- This site is optimized with the Yoast SEO plugin v27.2 - https:\/\/yoast.com\/product\/yoast-seo-wordpress\/ -->\n<title>Outras Solu\u00e7\u00f5es - Zion Wifi<\/title>\n<meta name=\"robots\" content=\"index, follow, max-snippet:-1, max-image-preview:large, max-video-preview:-1\" \/>\n<link rel=\"canonical\" href=\"https:\/\/zionbr.com\/wifi\/outras-solucoes\/\" \/>\n<meta property=\"og:locale\" content=\"pt_BR\" \/>\n<meta property=\"og:type\" content=\"article\" \/>\n<meta property=\"og:title\" content=\"Outras Solu\u00e7\u00f5es - Zion Wifi\" \/>\n<meta property=\"og:url\" content=\"https:\/\/zionbr.com\/wifi\/outras-solucoes\/\" \/>\n<meta property=\"og:site_name\" content=\"Zion Wifi\" \/>\n<meta property=\"article:publisher\" content=\"https:\/\/www.facebook.com\/zionwifibr\" \/>\n<meta property=\"article:modified_time\" content=\"2023-06-06T17:57:10+00:00\" \/>\n<meta property=\"og:image\" content=\"https:\/\/zionbr.com\/wifi\/wp-content\/uploads\/2023\/05\/imagens-site-solucoes.png\" \/>\n<meta name=\"twitter:card\" content=\"summary_large_image\" \/>\n<meta name=\"twitter:label1\" content=\"Est. tempo de leitura\" \/>\n\t<meta name=\"twitter:data1\" content=\"2 minutos\" \/>\n<script type=\"application\/ld+json\" class=\"yoast-schema-graph\">{\"@context\":\"https:\/\/schema.org\",\"@graph\":[{\"@type\":\"WebPage\",\"@id\":\"https:\/\/zionbr.com\/wifi\/outras-solucoes\/\",\"url\":\"https:\/\/zionbr.com\/wifi\/outras-solucoes\/\",\"name\":\"Outras Solu\u00e7\u00f5es - Zion Wifi\",\"isPartOf\":{\"@id\":\"https:\/\/zionbr.com\/wifi\/#website\"},\"primaryImageOfPage\":{\"@id\":\"https:\/\/zionbr.com\/wifi\/outras-solucoes\/#primaryimage\"},\"image\":{\"@id\":\"https:\/\/zionbr.com\/wifi\/outras-solucoes\/#primaryimage\"},\"thumbnailUrl\":\"https:\/\/zionbr.com\/wifi\/wp-content\/uploads\/2023\/05\/imagens-site-solucoes.png\",\"datePublished\":\"2023-05-23T18:28:47+00:00\",\"dateModified\":\"2023-06-06T17:57:10+00:00\",\"breadcrumb\":{\"@id\":\"https:\/\/zionbr.com\/wifi\/outras-solucoes\/#breadcrumb\"},\"inLanguage\":\"pt-BR\",\"potentialAction\":[{\"@type\":\"ReadAction\",\"target\":[\"https:\/\/zionbr.com\/wifi\/outras-solucoes\/\"]}]},{\"@type\":\"ImageObject\",\"inLanguage\":\"pt-BR\",\"@id\":\"https:\/\/zionbr.com\/wifi\/outras-solucoes\/#primaryimage\",\"url\":\"https:\/\/zionbr.com\/wifi\/wp-content\/uploads\/2023\/05\/imagens-site-solucoes.png\",\"contentUrl\":\"https:\/\/zionbr.com\/wifi\/wp-content\/uploads\/2023\/05\/imagens-site-solucoes.png\",\"width\":500,\"height\":500},{\"@type\":\"BreadcrumbList\",\"@id\":\"https:\/\/zionbr.com\/wifi\/outras-solucoes\/#breadcrumb\",\"itemListElement\":[{\"@type\":\"ListItem\",\"position\":1,\"name\":\"In\u00edcio\",\"item\":\"https:\/\/zionbr.com\/wifi\/\"},{\"@type\":\"ListItem\",\"position\":2,\"name\":\"Outras Solu\u00e7\u00f5es\"}]},{\"@type\":\"WebSite\",\"@id\":\"https:\/\/zionbr.com\/wifi\/#website\",\"url\":\"https:\/\/zionbr.com\/wifi\/\",\"name\":\"Zion Wifi\",\"description\":\"Sua internet muito al\u00e9m do que voc\u00ea espera!\",\"publisher\":{\"@id\":\"https:\/\/zionbr.com\/wifi\/#organization\"},\"potentialAction\":[{\"@type\":\"SearchAction\",\"target\":{\"@type\":\"EntryPoint\",\"urlTemplate\":\"https:\/\/zionbr.com\/wifi\/?s={search_term_string}\"},\"query-input\":{\"@type\":\"PropertyValueSpecification\",\"valueRequired\":true,\"valueName\":\"search_term_string\"}}],\"inLanguage\":\"pt-BR\"},{\"@type\":\"Organization\",\"@id\":\"https:\/\/zionbr.com\/wifi\/#organization\",\"name\":\"Zion Wifi\",\"url\":\"https:\/\/zionbr.com\/wifi\/\",\"logo\":{\"@type\":\"ImageObject\",\"inLanguage\":\"pt-BR\",\"@id\":\"https:\/\/zionbr.com\/wifi\/#\/schema\/logo\/image\/\",\"url\":\"https:\/\/zionbr.com\/wifi\/wp-content\/uploads\/2023\/04\/cropped-logo-zion-site.png\",\"contentUrl\":\"https:\/\/zionbr.com\/wifi\/wp-content\/uploads\/2023\/04\/cropped-logo-zion-site.png\",\"width\":200,\"height\":99,\"caption\":\"Zion Wifi\"},\"image\":{\"@id\":\"https:\/\/zionbr.com\/wifi\/#\/schema\/logo\/image\/\"},\"sameAs\":[\"https:\/\/www.facebook.com\/zionwifibr\",\"https:\/\/www.instagram.com\/zionwifibr\/\"]}]}<\/script>\n<!-- \/ Yoast SEO plugin. -->","yoast_head_json":{"title":"Outras Solu\u00e7\u00f5es - Zion Wifi","robots":{"index":"index","follow":"follow","max-snippet":"max-snippet:-1","max-image-preview":"max-image-preview:large","max-video-preview":"max-video-preview:-1"},"canonical":"https:\/\/zionbr.com\/wifi\/outras-solucoes\/","og_locale":"pt_BR","og_type":"article","og_title":"Outras Solu\u00e7\u00f5es - Zion Wifi","og_url":"https:\/\/zionbr.com\/wifi\/outras-solucoes\/","og_site_name":"Zion Wifi","article_publisher":"https:\/\/www.facebook.com\/zionwifibr","article_modified_time":"2023-06-06T17:57:10+00:00","og_image":[{"url":"https:\/\/zionbr.com\/wifi\/wp-content\/uploads\/2023\/05\/imagens-site-solucoes.png","type":"","width":"","height":""}],"twitter_card":"summary_large_image","twitter_misc":{"Est. tempo de leitura":"2 minutos"},"schema":{"@context":"https:\/\/schema.org","@graph":[{"@type":"WebPage","@id":"https:\/\/zionbr.com\/wifi\/outras-solucoes\/","url":"https:\/\/zionbr.com\/wifi\/outras-solucoes\/","name":"Outras Solu\u00e7\u00f5es - Zion Wifi","isPartOf":{"@id":"https:\/\/zionbr.com\/wifi\/#website"},"primaryImageOfPage":{"@id":"https:\/\/zionbr.com\/wifi\/outras-solucoes\/#primaryimage"},"image":{"@id":"https:\/\/zionbr.com\/wifi\/outras-solucoes\/#primaryimage"},"thumbnailUrl":"https:\/\/zionbr.com\/wifi\/wp-content\/uploads\/2023\/05\/imagens-site-solucoes.png","datePublished":"2023-05-23T18:28:47+00:00","dateModified":"2023-06-06T17:57:10+00:00","breadcrumb":{"@id":"https:\/\/zionbr.com\/wifi\/outras-solucoes\/#breadcrumb"},"inLanguage":"pt-BR","potentialAction":[{"@type":"ReadAction","target":["https:\/\/zionbr.com\/wifi\/outras-solucoes\/"]}]},{"@type":"ImageObject","inLanguage":"pt-BR","@id":"https:\/\/zionbr.com\/wifi\/outras-solucoes\/#primaryimage","url":"https:\/\/zionbr.com\/wifi\/wp-content\/uploads\/2023\/05\/imagens-site-solucoes.png","contentUrl":"https:\/\/zionbr.com\/wifi\/wp-content\/uploads\/2023\/05\/imagens-site-solucoes.png","width":500,"height":500},{"@type":"BreadcrumbList","@id":"https:\/\/zionbr.com\/wifi\/outras-solucoes\/#breadcrumb","itemListElement":[{"@type":"ListItem","position":1,"name":"In\u00edcio","item":"https:\/\/zionbr.com\/wifi\/"},{"@type":"ListItem","position":2,"name":"Outras Solu\u00e7\u00f5es"}]},{"@type":"WebSite","@id":"https:\/\/zionbr.com\/wifi\/#website","url":"https:\/\/zionbr.com\/wifi\/","name":"Zion Wifi","description":"Sua internet muito al\u00e9m do que voc\u00ea espera!","publisher":{"@id":"https:\/\/zionbr.com\/wifi\/#organization"},"potentialAction":[{"@type":"SearchAction","target":{"@type":"EntryPoint","urlTemplate":"https:\/\/zionbr.com\/wifi\/?s={search_term_string}"},"query-input":{"@type":"PropertyValueSpecification","valueRequired":true,"valueName":"search_term_string"}}],"inLanguage":"pt-BR"},{"@type":"Organization","@id":"https:\/\/zionbr.com\/wifi\/#organization","name":"Zion Wifi","url":"https:\/\/zionbr.com\/wifi\/","logo":{"@type":"ImageObject","inLanguage":"pt-BR","@id":"https:\/\/zionbr.com\/wifi\/#\/schema\/logo\/image\/","url":"https:\/\/zionbr.com\/wifi\/wp-content\/uploads\/2023\/04\/cropped-logo-zion-site.png","contentUrl":"https:\/\/zionbr.com\/wifi\/wp-content\/uploads\/2023\/04\/cropped-logo-zion-site.png","width":200,"height":99,"caption":"Zion Wifi"},"image":{"@id":"https:\/\/zionbr.com\/wifi\/#\/schema\/logo\/image\/"},"sameAs":["https:\/\/www.facebook.com\/zionwifibr","https:\/\/www.instagram.com\/zionwifibr\/"]}]}},"_links":{"self":[{"href":"https:\/\/zionbr.com\/wifi\/wp-json\/wp\/v2\/pages\/833","targetHints":{"allow":["GET"]}}],"collection":[{"href":"https:\/\/zionbr.com\/wifi\/wp-json\/wp\/v2\/pages"}],"about":[{"href":"https:\/\/zionbr.com\/wifi\/wp-json\/wp\/v2\/types\/page"}],"author":[{"embeddable":true,"href":"https:\/\/zionbr.com\/wifi\/wp-json\/wp\/v2\/users\/1"}],"replies":[{"embeddable":true,"href":"https:\/\/zionbr.com\/wifi\/wp-json\/wp\/v2\/comments?post=833"}],"version-history":[{"count":15,"href":"https:\/\/zionbr.com\/wifi\/wp-json\/wp\/v2\/pages\/833\/revisions"}],"predecessor-version":[{"id":886,"href":"https:\/\/zionbr.com\/wifi\/wp-json\/wp\/v2\/pages\/833\/revisions\/886"}],"wp:attachment":[{"href":"https:\/\/zionbr.com\/wifi\/wp-json\/wp\/v2\/media?parent=833"}],"curies":[{"name":"wp","href":"https:\/\/api.w.org\/{rel}","templated":true}]}}