{"id":974,"date":"2024-02-12T13:53:20","date_gmt":"2024-02-12T13:53:20","guid":{"rendered":"https:\/\/zionbr.com\/wifi\/?page_id=974"},"modified":"2024-04-23T12:09:11","modified_gmt":"2024-04-23T12:09:11","slug":"artigos-e-noticias","status":"publish","type":"page","link":"https:\/\/zionbr.com\/wifi\/artigos-e-noticias\/","title":{"rendered":"Artigos e Not\u00edcias"},"content":{"rendered":"\n<div class=\"wp-block-essential-blocks-advanced-heading\"><div class=\"eb-parent-wrapper eb-parent-eb-advance-heading-621ec \"><div class=\"eb-advance-heading-wrapper eb-advance-heading-621ec button-1\" data-id=\"eb-advance-heading-621ec\"><h2 class=\"eb-ah-title\"><strong>BLOG<\/strong><\/h2><div class=\"eb-ah-separator line\"><\/div><\/div><\/div><\/div>\n\n\n<div  class=\"ultp-post-grid-block wp-block-ultimate-post-post-grid-1 ultp-block-8271f2 alignfull\"><div class=\"ultp-block-wrapper\"><div class=\"ultp-loading\"><div class=\"ultp-loading-blocks\" style=\"width:100%;height:100%;\"><div style=\"left: 0;top: 0;animation-delay:0s;\"><\/div><div style=\"left: 21px;top: 0;animation-delay:0.125s;\"><\/div><div style=\"left: 42px;top: 0;animation-delay:0.25s;\"><\/div><div style=\"left: 0;top: 21px;animation-delay:0.875s;\"><\/div><div style=\"left: 42px;top: 21px;animation-delay:0.375s;\"><\/div><div style=\"left: 0;top: 42px;animation-delay:0.75s;\"><\/div><div style=\"left: 42px;top: 42px;animation-delay:0.625s;\"><\/div><div style=\"left: 21px;top: 42px;animation-delay:0.5s;\"><\/div><\/div><\/div><div class=\"ultp-heading-filter\"><div class=\"ultp-heading-filter-in\"><div class=\"ultp-filter-navigation\"><\/div><\/div><\/div><div class=\"ultp-block-items-wrap ultp-block-row ultp-pg1a-style1 ultp-grid1-responsive ultp-block-column-3 1 ultp-xs-column-1 ultp-layout1\"><div class=\"ultp-block-item post-id-1157\"><div class=\"ultp-block-content-wrap\"><div class=\"ultp-block-image ultp-block-image-opacity\"><a href=\"https:\/\/zionbr.com\/wifi\/por-que-o-mapeamento-de-calor-e-essencial-para-um-wi-fi-corporativo-de-alta-performance\/\" ><img decoding=\"async\"  class=\"ultp-block-image-content\"  alt=\"Por Que o Mapeamento de Calor \u00e9 Essencial para um Wi-Fi Corporativo de Alta Performance\"  src=\"https:\/\/zionbr.com\/wifi\/wp-content\/uploads\/2026\/03\/ChatGPT-Image-27-de-mar.-de-2026-09_13_21-1-870x570.png\" \/><\/a><\/div><div class=\"ultp-block-content\"><h3 class=\"ultp-block-title \"><a href=\"https:\/\/zionbr.com\/wifi\/por-que-o-mapeamento-de-calor-e-essencial-para-um-wi-fi-corporativo-de-alta-performance\/\" >Por Que o Mapeamento de Calor \u00e9 Essencial para um Wi-Fi Corporativo de Alta Performance<\/a><\/h3><div class=\"ultp-block-excerpt\"><p>Evite erros comuns que comprometem sua rede Muitas empresas enfrentam problemas com Wi-Fi inst\u00e1vel, \u00e1reas sem cobertura e&hellip;<\/p>\n<\/div><div class=\"ultp-block-readmore\"><a aria-label=\"Por Que o Mapeamento de Calor \u00e9 Essencial para um Wi-Fi Corporativo de Alta Performance\" href=\"https:\/\/zionbr.com\/wifi\/por-que-o-mapeamento-de-calor-e-essencial-para-um-wi-fi-corporativo-de-alta-performance\/\" >LER MAIS<svg xmlns=\"http:\/\/www.w3.org\/2000\/svg\" fill=\"none\" viewBox=\"0 0 24 24\">\n  <path stroke=\"currentColor\" stroke-linecap=\"round\" stroke-linejoin=\"round\" stroke-width=\"1.5\" d=\"m12 20.5 8.5-8.5m0 0L12 3.5m8.5 8.5h-17\"\/>\n<\/svg>\n<\/a><\/div><\/div><\/div><\/div><div class=\"ultp-block-item post-id-1150\"><div class=\"ultp-block-content-wrap\"><div class=\"ultp-block-image ultp-block-image-opacity\"><a href=\"https:\/\/zionbr.com\/wifi\/objetos-que-prejudicam-o-sinal-de-wi-fi-o-que-manter-longe-do-roteador\/\" ><img decoding=\"async\"  class=\"ultp-block-image-content\"  alt=\"Objetos que Prejudicam o Sinal de Wi-Fi: O Que Manter Longe do Roteador\"  src=\"https:\/\/zionbr.com\/wifi\/wp-content\/uploads\/2026\/02\/zion-artigo-wifi-870x570.png\" \/><\/a><\/div><div class=\"ultp-block-content\"><h3 class=\"ultp-block-title \"><a href=\"https:\/\/zionbr.com\/wifi\/objetos-que-prejudicam-o-sinal-de-wi-fi-o-que-manter-longe-do-roteador\/\" >Objetos que Prejudicam o Sinal de Wi-Fi: O Que Manter Longe do Roteador<\/a><\/h3><div class=\"ultp-block-excerpt\"><p>Pequenos detalhes que podem derrubar a performance da sua rede Ter uma boa conex\u00e3o de internet deixou de&hellip;<\/p>\n<\/div><div class=\"ultp-block-readmore\"><a aria-label=\"Objetos que Prejudicam o Sinal de Wi-Fi: O Que Manter Longe do Roteador\" href=\"https:\/\/zionbr.com\/wifi\/objetos-que-prejudicam-o-sinal-de-wi-fi-o-que-manter-longe-do-roteador\/\" >LER MAIS<svg xmlns=\"http:\/\/www.w3.org\/2000\/svg\" fill=\"none\" viewBox=\"0 0 24 24\">\n  <path stroke=\"currentColor\" stroke-linecap=\"round\" stroke-linejoin=\"round\" stroke-width=\"1.5\" d=\"m12 20.5 8.5-8.5m0 0L12 3.5m8.5 8.5h-17\"\/>\n<\/svg>\n<\/a><\/div><\/div><\/div><\/div><div class=\"ultp-block-item post-id-1145\"><div class=\"ultp-block-content-wrap\"><div class=\"ultp-block-image ultp-block-image-opacity\"><a href=\"https:\/\/zionbr.com\/wifi\/tendencias-em-conectividade-e-internet-no-brasil-para-2026\/\" ><img decoding=\"async\"  class=\"ultp-block-image-content\"  alt=\"Tend\u00eancias em Conectividade e Internet no Brasil para 2026\"  src=\"https:\/\/zionbr.com\/wifi\/wp-content\/uploads\/2025\/12\/zion-site-wifi-800x570.png\" \/><\/a><\/div><div class=\"ultp-block-content\"><h3 class=\"ultp-block-title \"><a href=\"https:\/\/zionbr.com\/wifi\/tendencias-em-conectividade-e-internet-no-brasil-para-2026\/\" >Tend\u00eancias em Conectividade e Internet no Brasil para 2026<\/a><\/h3><div class=\"ultp-block-excerpt\"><p>A conectividade no Brasil seguir\u00e1 em forte evolu\u00e7\u00e3o at\u00e9 2026, impulsionada pela amplia\u00e7\u00e3o da fibra \u00f3ptica, expans\u00e3o do&hellip;<\/p>\n<\/div><div class=\"ultp-block-readmore\"><a aria-label=\"Tend\u00eancias em Conectividade e Internet no Brasil para 2026\" href=\"https:\/\/zionbr.com\/wifi\/tendencias-em-conectividade-e-internet-no-brasil-para-2026\/\" >LER MAIS<svg xmlns=\"http:\/\/www.w3.org\/2000\/svg\" fill=\"none\" viewBox=\"0 0 24 24\">\n  <path stroke=\"currentColor\" stroke-linecap=\"round\" stroke-linejoin=\"round\" stroke-width=\"1.5\" d=\"m12 20.5 8.5-8.5m0 0L12 3.5m8.5 8.5h-17\"\/>\n<\/svg>\n<\/a><\/div><\/div><\/div><\/div><div class=\"ultp-block-item post-id-1140\"><div class=\"ultp-block-content-wrap\"><div class=\"ultp-block-image ultp-block-image-opacity\"><a href=\"https:\/\/zionbr.com\/wifi\/espectro-de-frequencia-e-medicao-de-sinal\/\" ><img decoding=\"async\"  class=\"ultp-block-image-content\"  alt=\"Espectro de Frequ\u00eancia e Medi\u00e7\u00e3o de Sinal: Como o Mapa de Calor Wi-Fi Melhora Todo o Desempenho da Sua Rede\"  src=\"https:\/\/zionbr.com\/wifi\/wp-content\/uploads\/2025\/11\/espectro-frequencia-sinal-870x570.png\" \/><\/a><\/div><div class=\"ultp-block-content\"><h3 class=\"ultp-block-title \"><a href=\"https:\/\/zionbr.com\/wifi\/espectro-de-frequencia-e-medicao-de-sinal\/\" >Espectro de Frequ\u00eancia e Medi\u00e7\u00e3o de Sinal: Como o Mapa de Calor Wi-Fi Melhora Todo o Desempenho da Sua Rede<\/a><\/h3><div class=\"ultp-block-excerpt\"><p>A an\u00e1lise do espectro de frequ\u00eancia e a medi\u00e7\u00e3o de sinal s\u00e3o etapas essenciais para projetar redes Wi-Fi&hellip;<\/p>\n<\/div><div class=\"ultp-block-readmore\"><a aria-label=\"Espectro de Frequ\u00eancia e Medi\u00e7\u00e3o de Sinal: Como o Mapa de Calor Wi-Fi Melhora Todo o Desempenho da Sua Rede\" href=\"https:\/\/zionbr.com\/wifi\/espectro-de-frequencia-e-medicao-de-sinal\/\" >LER MAIS<svg xmlns=\"http:\/\/www.w3.org\/2000\/svg\" fill=\"none\" viewBox=\"0 0 24 24\">\n  <path stroke=\"currentColor\" stroke-linecap=\"round\" stroke-linejoin=\"round\" stroke-width=\"1.5\" d=\"m12 20.5 8.5-8.5m0 0L12 3.5m8.5 8.5h-17\"\/>\n<\/svg>\n<\/a><\/div><\/div><\/div><\/div><div class=\"ultp-block-item post-id-1135\"><div class=\"ultp-block-content-wrap\"><div class=\"ultp-block-image ultp-block-image-opacity\"><a href=\"https:\/\/zionbr.com\/wifi\/seguranca-e-conectividade-evolucao-do-wifi\/\" ><img decoding=\"async\"  class=\"ultp-block-image-content\"  alt=\"Seguran\u00e7a e Conectividade: Como o Wi-Fi Evoluiu para Atender \u00e0s Exig\u00eancias do Mundo Atual\"  src=\"https:\/\/zionbr.com\/wifi\/wp-content\/uploads\/2025\/10\/zion-site-wifi-800x570.png\" \/><\/a><\/div><div class=\"ultp-block-content\"><h3 class=\"ultp-block-title \"><a href=\"https:\/\/zionbr.com\/wifi\/seguranca-e-conectividade-evolucao-do-wifi\/\" >Seguran\u00e7a e Conectividade: Como o Wi-Fi Evoluiu para Atender \u00e0s Exig\u00eancias do Mundo Atual<\/a><\/h3><div class=\"ultp-block-excerpt\"><p>Em um mundo onde a conectividade \u00e9 essencial para neg\u00f3cios, educa\u00e7\u00e3o e lazer, o Wi-Fi deixou de ser&hellip;<\/p>\n<\/div><div class=\"ultp-block-readmore\"><a aria-label=\"Seguran\u00e7a e Conectividade: Como o Wi-Fi Evoluiu para Atender \u00e0s Exig\u00eancias do Mundo Atual\" href=\"https:\/\/zionbr.com\/wifi\/seguranca-e-conectividade-evolucao-do-wifi\/\" >LER MAIS<svg xmlns=\"http:\/\/www.w3.org\/2000\/svg\" fill=\"none\" viewBox=\"0 0 24 24\">\n  <path stroke=\"currentColor\" stroke-linecap=\"round\" stroke-linejoin=\"round\" stroke-width=\"1.5\" d=\"m12 20.5 8.5-8.5m0 0L12 3.5m8.5 8.5h-17\"\/>\n<\/svg>\n<\/a><\/div><\/div><\/div><\/div><div class=\"ultp-block-item post-id-1108\"><div class=\"ultp-block-content-wrap\"><div class=\"ultp-block-image ultp-block-image-opacity\"><a href=\"https:\/\/zionbr.com\/wifi\/firewall-corporativo-sua-primeira-linha-de-defesa-digital\/\" ><img decoding=\"async\"  class=\"ultp-block-image-content\"  alt=\"Firewall Corporativo: sua primeira linha de defesa digital\"  src=\"https:\/\/zionbr.com\/wifi\/wp-content\/uploads\/2025\/09\/firewall-zion-1.png\" \/><\/a><\/div><div class=\"ultp-block-content\"><h3 class=\"ultp-block-title \"><a href=\"https:\/\/zionbr.com\/wifi\/firewall-corporativo-sua-primeira-linha-de-defesa-digital\/\" >Firewall Corporativo: sua primeira linha de defesa digital<\/a><\/h3><div class=\"ultp-block-excerpt\"><p>orporativo se tornou indispens\u00e1vel para empresas que desejam proteger suas redes, dados e usu\u00e1rios. O que \u00e9 um&hellip;<\/p>\n<\/div><div class=\"ultp-block-readmore\"><a aria-label=\"Firewall Corporativo: sua primeira linha de defesa digital\" href=\"https:\/\/zionbr.com\/wifi\/firewall-corporativo-sua-primeira-linha-de-defesa-digital\/\" >LER MAIS<svg xmlns=\"http:\/\/www.w3.org\/2000\/svg\" fill=\"none\" viewBox=\"0 0 24 24\">\n  <path stroke=\"currentColor\" stroke-linecap=\"round\" stroke-linejoin=\"round\" stroke-width=\"1.5\" d=\"m12 20.5 8.5-8.5m0 0L12 3.5m8.5 8.5h-17\"\/>\n<\/svg>\n<\/a><\/div><\/div><\/div><\/div><div class=\"ultp-block-item post-id-1052\"><div class=\"ultp-block-content-wrap\"><div class=\"ultp-block-image ultp-block-image-opacity\"><a href=\"https:\/\/zionbr.com\/wifi\/firewall-para-empresas-seguranca-essencial-para-sua-rede\/\" ><img decoding=\"async\"  class=\"ultp-block-image-content\"  alt=\"Firewall para empresas: seguran\u00e7a essencial para sua rede\"  src=\"https:\/\/zionbr.com\/wifi\/wp-content\/uploads\/2025\/08\/zion-router-800x570.png\" \/><\/a><\/div><div class=\"ultp-block-content\"><h3 class=\"ultp-block-title \"><a href=\"https:\/\/zionbr.com\/wifi\/firewall-para-empresas-seguranca-essencial-para-sua-rede\/\" >Firewall para empresas: seguran\u00e7a essencial para sua rede<\/a><\/h3><div class=\"ultp-block-excerpt\"><p>Por que sua empresa precisa de um firewall? A seguran\u00e7a digital \u00e9 uma das maiores preocupa\u00e7\u00f5es das empresas&hellip;<\/p>\n<\/div><div class=\"ultp-block-readmore\"><a aria-label=\"Firewall para empresas: seguran\u00e7a essencial para sua rede\" href=\"https:\/\/zionbr.com\/wifi\/firewall-para-empresas-seguranca-essencial-para-sua-rede\/\" >LER MAIS<svg xmlns=\"http:\/\/www.w3.org\/2000\/svg\" fill=\"none\" viewBox=\"0 0 24 24\">\n  <path stroke=\"currentColor\" stroke-linecap=\"round\" stroke-linejoin=\"round\" stroke-width=\"1.5\" d=\"m12 20.5 8.5-8.5m0 0L12 3.5m8.5 8.5h-17\"\/>\n<\/svg>\n<\/a><\/div><\/div><\/div><\/div><div class=\"ultp-block-item post-id-1046\"><div class=\"ultp-block-content-wrap\"><div class=\"ultp-block-image ultp-block-image-opacity\"><a href=\"https:\/\/zionbr.com\/wifi\/por-que-oferecer-wi-fi-gratuito-com-portal-de-captura-captive-portal-pode-impulsionar-o-crescimento-do-seu-negocio-local\/\" ><img decoding=\"async\"  class=\"ultp-block-image-content\"  alt=\"Por que oferecer Wi-Fi gratuito com portal de captura (Captive Portal) pode impulsionar o crescimento do seu neg\u00f3cio local\"  src=\"https:\/\/zionbr.com\/wifi\/wp-content\/uploads\/2025\/07\/captiveportal-blog-zion-2025-675x570.png\" \/><\/a><\/div><div class=\"ultp-block-content\"><h3 class=\"ultp-block-title \"><a href=\"https:\/\/zionbr.com\/wifi\/por-que-oferecer-wi-fi-gratuito-com-portal-de-captura-captive-portal-pode-impulsionar-o-crescimento-do-seu-negocio-local\/\" >Por que oferecer Wi-Fi gratuito com portal de captura (Captive Portal) pode impulsionar o crescimento do seu neg\u00f3cio local<\/a><\/h3><div class=\"ultp-block-excerpt\"><p>Hoje, estar conectado \u00e9 mais do que conveni\u00eancia \u2014 \u00e9 uma expectativa. Em cafeterias, cl\u00ednicas, lojas e centros&hellip;<\/p>\n<\/div><div class=\"ultp-block-readmore\"><a aria-label=\"Por que oferecer Wi-Fi gratuito com portal de captura (Captive Portal) pode impulsionar o crescimento do seu neg\u00f3cio local\" href=\"https:\/\/zionbr.com\/wifi\/por-que-oferecer-wi-fi-gratuito-com-portal-de-captura-captive-portal-pode-impulsionar-o-crescimento-do-seu-negocio-local\/\" >LER MAIS<svg xmlns=\"http:\/\/www.w3.org\/2000\/svg\" fill=\"none\" viewBox=\"0 0 24 24\">\n  <path stroke=\"currentColor\" stroke-linecap=\"round\" stroke-linejoin=\"round\" stroke-width=\"1.5\" d=\"m12 20.5 8.5-8.5m0 0L12 3.5m8.5 8.5h-17\"\/>\n<\/svg>\n<\/a><\/div><\/div><\/div><\/div><\/div><div class=\"ultp-pagination-wrap ultp-pagination-ajax-action\" data-paged=\"1\" data-expost=\"\"  data-blockid=\"8271f2\" data-postid=\"974\" data-pages=\"4\" data-blockname=\"ultimate-post_post-grid-1\" data-selfpostid=\"yes\"><ul class=\"ultp-pagination\"><li class=\"ultp-prev-page-numbers\" style=\"display:none\"><a href=\"https:\/\/zionbr.com\/wifi\/wp-json\/wp\/v2\/pages\/974\/\"><svg xmlns=\"http:\/\/www.w3.org\/2000\/svg\" fill=\"none\" viewBox=\"0 0 24 24\">\n  <path stroke=\"currentColor\" stroke-linecap=\"round\" stroke-linejoin=\"round\" stroke-width=\"1.5\" d=\"m15 18-6-6 6-6\"\/>\n<\/svg>\n <\/a><\/li><li class=\"ultp-first-pages\" style=\"display:none\" data-current=\"1\"><a href=\"https:\/\/zionbr.com\/wifi\/wp-json\/wp\/v2\/pages\/974\/\">1<\/a><\/li><li class=\"ultp-center-item pagination-active\" data-current=\"1\"><a href=\"https:\/\/zionbr.com\/wifi\/wp-json\/wp\/v2\/pages\/974\/\">1<\/a><\/li><li class=\"ultp-center-item\" data-current=\"2\" ><a href=\"https:\/\/zionbr.com\/wifi\/wp-json\/wp\/v2\/pages\/974\/page\/2\/\">2<\/a><\/li><li class=\"ultp-center-item\" data-current=\"3\" ><a href=\"https:\/\/zionbr.com\/wifi\/wp-json\/wp\/v2\/pages\/974\/page\/3\/\">3<\/a><\/li><li class=\"ultp-last-dot\" ><a href=\"#\">&#8230;<\/a><\/li><li class=\"ultp-last-pages\" data-current=\"4\"><a href=\"https:\/\/zionbr.com\/wifi\/wp-json\/wp\/v2\/pages\/974\/page\/4\/\">4<\/a><\/li><li class=\"ultp-next-page-numbers\"><a href=\"https:\/\/zionbr.com\/wifi\/wp-json\/wp\/v2\/pages\/974\/page\/2\/\"><svg xmlns=\"http:\/\/www.w3.org\/2000\/svg\" fill=\"none\" viewBox=\"0 0 24 24\">\n  <path stroke=\"currentColor\" stroke-linecap=\"round\" stroke-linejoin=\"round\" stroke-width=\"1.5\" d=\"m9 18 6-6-6-6\"\/>\n<\/svg>\n<\/a><\/li><\/ul><\/div><\/div><div class=\"pagination-block-html\" aria-hidden=\"true\" style=\"display: none;\"><\/div><\/div>","protected":false},"excerpt":{"rendered":"","protected":false},"author":1,"featured_media":0,"parent":0,"menu_order":0,"comment_status":"closed","ping_status":"closed","template":"","meta":{"_eb_attr":"","neve_meta_sidebar":"","neve_meta_container":"contained","neve_meta_enable_content_width":"","neve_meta_content_width":0,"neve_meta_title_alignment":"center","neve_meta_author_avatar":"","neve_post_elements_order":"","neve_meta_disable_header":"","neve_meta_disable_footer":"","neve_meta_disable_title":"on","_themeisle_gutenberg_block_has_review":false,"footnotes":""},"class_list":["post-974","page","type-page","status-publish","hentry"],"yoast_head":"<!-- This site is optimized with the Yoast SEO plugin v27.2 - https:\/\/yoast.com\/product\/yoast-seo-wordpress\/ -->\n<title>Artigos e Not\u00edcias - Zion Wifi<\/title>\n<meta name=\"robots\" content=\"index, follow, max-snippet:-1, max-image-preview:large, max-video-preview:-1\" \/>\n<link rel=\"canonical\" href=\"https:\/\/zionbr.com\/wifi\/artigos-e-noticias\/\" \/>\n<meta property=\"og:locale\" content=\"pt_BR\" \/>\n<meta property=\"og:type\" content=\"article\" \/>\n<meta property=\"og:title\" content=\"Artigos e Not\u00edcias - Zion Wifi\" \/>\n<meta property=\"og:url\" content=\"https:\/\/zionbr.com\/wifi\/artigos-e-noticias\/\" \/>\n<meta property=\"og:site_name\" content=\"Zion Wifi\" \/>\n<meta property=\"article:publisher\" content=\"https:\/\/www.facebook.com\/zionwifibr\" \/>\n<meta property=\"article:modified_time\" content=\"2024-04-23T12:09:11+00:00\" \/>\n<meta name=\"twitter:card\" content=\"summary_large_image\" \/>\n<script type=\"application\/ld+json\" class=\"yoast-schema-graph\">{\"@context\":\"https:\/\/schema.org\",\"@graph\":[{\"@type\":\"WebPage\",\"@id\":\"https:\/\/zionbr.com\/wifi\/artigos-e-noticias\/\",\"url\":\"https:\/\/zionbr.com\/wifi\/artigos-e-noticias\/\",\"name\":\"Artigos e Not\u00edcias - Zion Wifi\",\"isPartOf\":{\"@id\":\"https:\/\/zionbr.com\/wifi\/#website\"},\"datePublished\":\"2024-02-12T13:53:20+00:00\",\"dateModified\":\"2024-04-23T12:09:11+00:00\",\"breadcrumb\":{\"@id\":\"https:\/\/zionbr.com\/wifi\/artigos-e-noticias\/#breadcrumb\"},\"inLanguage\":\"pt-BR\",\"potentialAction\":[{\"@type\":\"ReadAction\",\"target\":[\"https:\/\/zionbr.com\/wifi\/artigos-e-noticias\/\"]}]},{\"@type\":\"BreadcrumbList\",\"@id\":\"https:\/\/zionbr.com\/wifi\/artigos-e-noticias\/#breadcrumb\",\"itemListElement\":[{\"@type\":\"ListItem\",\"position\":1,\"name\":\"In\u00edcio\",\"item\":\"https:\/\/zionbr.com\/wifi\/\"},{\"@type\":\"ListItem\",\"position\":2,\"name\":\"Artigos e Not\u00edcias\"}]},{\"@type\":\"WebSite\",\"@id\":\"https:\/\/zionbr.com\/wifi\/#website\",\"url\":\"https:\/\/zionbr.com\/wifi\/\",\"name\":\"Zion Wifi\",\"description\":\"Sua internet muito al\u00e9m do que voc\u00ea espera!\",\"publisher\":{\"@id\":\"https:\/\/zionbr.com\/wifi\/#organization\"},\"potentialAction\":[{\"@type\":\"SearchAction\",\"target\":{\"@type\":\"EntryPoint\",\"urlTemplate\":\"https:\/\/zionbr.com\/wifi\/?s={search_term_string}\"},\"query-input\":{\"@type\":\"PropertyValueSpecification\",\"valueRequired\":true,\"valueName\":\"search_term_string\"}}],\"inLanguage\":\"pt-BR\"},{\"@type\":\"Organization\",\"@id\":\"https:\/\/zionbr.com\/wifi\/#organization\",\"name\":\"Zion Wifi\",\"url\":\"https:\/\/zionbr.com\/wifi\/\",\"logo\":{\"@type\":\"ImageObject\",\"inLanguage\":\"pt-BR\",\"@id\":\"https:\/\/zionbr.com\/wifi\/#\/schema\/logo\/image\/\",\"url\":\"https:\/\/zionbr.com\/wifi\/wp-content\/uploads\/2023\/04\/cropped-logo-zion-site.png\",\"contentUrl\":\"https:\/\/zionbr.com\/wifi\/wp-content\/uploads\/2023\/04\/cropped-logo-zion-site.png\",\"width\":200,\"height\":99,\"caption\":\"Zion Wifi\"},\"image\":{\"@id\":\"https:\/\/zionbr.com\/wifi\/#\/schema\/logo\/image\/\"},\"sameAs\":[\"https:\/\/www.facebook.com\/zionwifibr\",\"https:\/\/www.instagram.com\/zionwifibr\/\"]}]}<\/script>\n<!-- \/ Yoast SEO plugin. -->","yoast_head_json":{"title":"Artigos e Not\u00edcias - Zion Wifi","robots":{"index":"index","follow":"follow","max-snippet":"max-snippet:-1","max-image-preview":"max-image-preview:large","max-video-preview":"max-video-preview:-1"},"canonical":"https:\/\/zionbr.com\/wifi\/artigos-e-noticias\/","og_locale":"pt_BR","og_type":"article","og_title":"Artigos e Not\u00edcias - Zion Wifi","og_url":"https:\/\/zionbr.com\/wifi\/artigos-e-noticias\/","og_site_name":"Zion Wifi","article_publisher":"https:\/\/www.facebook.com\/zionwifibr","article_modified_time":"2024-04-23T12:09:11+00:00","twitter_card":"summary_large_image","schema":{"@context":"https:\/\/schema.org","@graph":[{"@type":"WebPage","@id":"https:\/\/zionbr.com\/wifi\/artigos-e-noticias\/","url":"https:\/\/zionbr.com\/wifi\/artigos-e-noticias\/","name":"Artigos e Not\u00edcias - Zion Wifi","isPartOf":{"@id":"https:\/\/zionbr.com\/wifi\/#website"},"datePublished":"2024-02-12T13:53:20+00:00","dateModified":"2024-04-23T12:09:11+00:00","breadcrumb":{"@id":"https:\/\/zionbr.com\/wifi\/artigos-e-noticias\/#breadcrumb"},"inLanguage":"pt-BR","potentialAction":[{"@type":"ReadAction","target":["https:\/\/zionbr.com\/wifi\/artigos-e-noticias\/"]}]},{"@type":"BreadcrumbList","@id":"https:\/\/zionbr.com\/wifi\/artigos-e-noticias\/#breadcrumb","itemListElement":[{"@type":"ListItem","position":1,"name":"In\u00edcio","item":"https:\/\/zionbr.com\/wifi\/"},{"@type":"ListItem","position":2,"name":"Artigos e Not\u00edcias"}]},{"@type":"WebSite","@id":"https:\/\/zionbr.com\/wifi\/#website","url":"https:\/\/zionbr.com\/wifi\/","name":"Zion Wifi","description":"Sua internet muito al\u00e9m do que voc\u00ea espera!","publisher":{"@id":"https:\/\/zionbr.com\/wifi\/#organization"},"potentialAction":[{"@type":"SearchAction","target":{"@type":"EntryPoint","urlTemplate":"https:\/\/zionbr.com\/wifi\/?s={search_term_string}"},"query-input":{"@type":"PropertyValueSpecification","valueRequired":true,"valueName":"search_term_string"}}],"inLanguage":"pt-BR"},{"@type":"Organization","@id":"https:\/\/zionbr.com\/wifi\/#organization","name":"Zion Wifi","url":"https:\/\/zionbr.com\/wifi\/","logo":{"@type":"ImageObject","inLanguage":"pt-BR","@id":"https:\/\/zionbr.com\/wifi\/#\/schema\/logo\/image\/","url":"https:\/\/zionbr.com\/wifi\/wp-content\/uploads\/2023\/04\/cropped-logo-zion-site.png","contentUrl":"https:\/\/zionbr.com\/wifi\/wp-content\/uploads\/2023\/04\/cropped-logo-zion-site.png","width":200,"height":99,"caption":"Zion Wifi"},"image":{"@id":"https:\/\/zionbr.com\/wifi\/#\/schema\/logo\/image\/"},"sameAs":["https:\/\/www.facebook.com\/zionwifibr","https:\/\/www.instagram.com\/zionwifibr\/"]}]}},"_links":{"self":[{"href":"https:\/\/zionbr.com\/wifi\/wp-json\/wp\/v2\/pages\/974","targetHints":{"allow":["GET"]}}],"collection":[{"href":"https:\/\/zionbr.com\/wifi\/wp-json\/wp\/v2\/pages"}],"about":[{"href":"https:\/\/zionbr.com\/wifi\/wp-json\/wp\/v2\/types\/page"}],"author":[{"embeddable":true,"href":"https:\/\/zionbr.com\/wifi\/wp-json\/wp\/v2\/users\/1"}],"replies":[{"embeddable":true,"href":"https:\/\/zionbr.com\/wifi\/wp-json\/wp\/v2\/comments?post=974"}],"version-history":[{"count":10,"href":"https:\/\/zionbr.com\/wifi\/wp-json\/wp\/v2\/pages\/974\/revisions"}],"predecessor-version":[{"id":997,"href":"https:\/\/zionbr.com\/wifi\/wp-json\/wp\/v2\/pages\/974\/revisions\/997"}],"wp:attachment":[{"href":"https:\/\/zionbr.com\/wifi\/wp-json\/wp\/v2\/media?parent=974"}],"curies":[{"name":"wp","href":"https:\/\/api.w.org\/{rel}","templated":true}]}}